{"id":1986,"date":"2026-03-20T10:24:03","date_gmt":"2026-03-20T10:24:03","guid":{"rendered":"https:\/\/staging.silkandmore.eu\/home-page\/"},"modified":"2026-03-24T18:31:37","modified_gmt":"2026-03-24T18:31:37","slug":"home-page","status":"publish","type":"page","link":"https:\/\/staging.silkandmore.eu\/fr\/","title":{"rendered":"Home Page FR"},"content":{"rendered":"\n<main class=\"wp-block-group is-layout-flow wp-container-core-group-is-layout-f3c7fa73 wp-block-group-is-layout-flow\" style=\"padding-top:0;padding-bottom:0\">\n<div class=\"wp-block-group alignwide is-layout-flow wp-container-core-group-is-layout-a77db08e wp-block-group-is-layout-flow\" style=\"border-top-left-radius:0.5rem;border-top-right-radius:0.5rem;border-bottom-left-radius:0.5rem;border-bottom-right-radius:0.5rem\">\n<div class=\"wp-block-cover aligncenter\" style=\"padding-top:var(--wp--preset--spacing--50);padding-right:var(--wp--preset--spacing--40);padding-bottom:var(--wp--preset--spacing--50);padding-left:var(--wp--preset--spacing--40);min-height:60.1vh;aspect-ratio:unset;\"><img loading=\"lazy\" decoding=\"async\" width=\"1024\" height=\"677\" class=\"wp-block-cover__image-background wp-image-239 size-large\" alt=\"\" src=\"https:\/\/staging.silkandmore.eu\/wp-content\/uploads\/2026\/02\/xTNvMW2BuLVAVZYWP53v-1024x677.jpeg\" data-object-fit=\"cover\" srcset=\"https:\/\/staging.silkandmore.eu\/wp-content\/uploads\/2026\/02\/xTNvMW2BuLVAVZYWP53v-1024x677.jpeg 1024w, https:\/\/staging.silkandmore.eu\/wp-content\/uploads\/2026\/02\/xTNvMW2BuLVAVZYWP53v-scaled-600x397.jpeg 600w, https:\/\/staging.silkandmore.eu\/wp-content\/uploads\/2026\/02\/xTNvMW2BuLVAVZYWP53v-300x198.jpeg 300w, https:\/\/staging.silkandmore.eu\/wp-content\/uploads\/2026\/02\/xTNvMW2BuLVAVZYWP53v-768x507.jpeg 768w, https:\/\/staging.silkandmore.eu\/wp-content\/uploads\/2026\/02\/xTNvMW2BuLVAVZYWP53v-1536x1015.jpeg 1536w, https:\/\/staging.silkandmore.eu\/wp-content\/uploads\/2026\/02\/xTNvMW2BuLVAVZYWP53v-2048x1353.jpeg 2048w\" sizes=\"auto, (max-width: 1024px) 100vw, 1024px\" \/><span aria-hidden=\"true\" class=\"wp-block-cover__background has-contrast-background-color has-background-dim\"><\/span><div class=\"wp-block-cover__inner-container has-global-padding is-layout-constrained wp-container-core-cover-is-layout-18f217b3 wp-block-cover-is-layout-constrained\">\n<div class=\"wp-block-group alignwide has-global-padding is-content-justification-left is-layout-constrained wp-container-core-group-is-layout-2f10d636 wp-block-group-is-layout-constrained\">\n<h2 class=\"wp-block-heading has-text-align-left\" style=\"line-height:1\">Collection de soie S.A.M.<\/h2>\n\n\n\n<p style=\"line-height:1\">La ligne de tissus exclusive Silk and More<\/p>\n\n\n\n<div class=\"wp-block-buttons is-content-justification-left is-layout-flex wp-container-core-buttons-is-layout-fc4fd283 wp-block-buttons-is-layout-flex\">\n<div class=\"wp-block-button is-style-outline is-style-outline--1\"><a class=\"wp-block-button__link has-custom-nero-60-background-color has-background wp-element-button\" href=\"https:\/\/staging.silkandmore.eu\/fr\/notre-collection\/\" style=\"border-top-left-radius:0.5rem;border-top-right-radius:0.5rem;border-bottom-left-radius:0.5rem;border-bottom-right-radius:0.5rem\">En savoir plus<\/a><\/div>\n<\/div>\n<\/div>\n<\/div><\/div>\n<\/div>\n\n\n\n<div class=\"wp-block-group alignwide has-global-padding is-layout-constrained wp-container-core-group-is-layout-b2fcfe99 wp-block-group-is-layout-constrained\" style=\"border-top-left-radius:0.5rem;border-top-right-radius:0.5rem;border-bottom-left-radius:0.5rem;border-bottom-right-radius:0.5rem;padding-top:var(--wp--preset--spacing--40);padding-right:0;padding-bottom:var(--wp--preset--spacing--40);padding-left:0\">\n<div class=\"wp-block-group alignwide is-vertical is-content-justification-left is-nowrap is-layout-flex wp-container-core-group-is-layout-9bf40c7b wp-block-group-is-layout-flex\" style=\"margin-top:0;margin-bottom:0;padding-top:var(--wp--preset--spacing--30);padding-right:0;padding-bottom:var(--wp--preset--spacing--30);padding-left:0\">\n<div style=\"height:calc( 0.25 * var(--wp--style--root--padding-right, var(--wp--custom--gap--horizontal)));width:0px\" aria-hidden=\"true\" class=\"wp-block-spacer wp-container-content-ff24c794\"><\/div>\n\n\n\n<div class=\"wp-block-columns is-layout-flex wp-container-core-columns-is-layout-fff3c045 wp-block-columns-is-layout-flex\" style=\"padding-right:0;padding-left:0\">\n<div class=\"wp-block-column is-layout-flow wp-container-core-column-is-layout-fd134cff wp-block-column-is-layout-flow\" style=\"padding-right:0;padding-left:0;flex-basis:100%\"><div data-block-name=\"woocommerce\/featured-category\" data-category-id=\"279\" data-dim-ratio=\"30\" data-style=\"{&quot;border&quot;:{&quot;radius&quot;:{&quot;topLeft&quot;:&quot;0.5rem&quot;,&quot;topRight&quot;:&quot;0.5rem&quot;,&quot;bottomLeft&quot;:&quot;0.5rem&quot;,&quot;bottomRight&quot;:&quot;0.5rem&quot;}},&quot;spacing&quot;:{&quot;padding&quot;:{&quot;right&quot;:&quot;0&quot;,&quot;left&quot;:&quot;0&quot;}}}\" class=\"wc-block-featured-category alignnone has-background-dim has-background-dim-30 wp-block-woocommerce-featured-category\" style=\"min-height:500px;border-top-left-radius:0.5rem;border-top-right-radius:0.5rem;border-bottom-right-radius:0.5rem;border-bottom-left-radius:0.5rem; padding-right:0;padding-left:0;\"><div class=\"wc-block-featured-category__wrapper\"><div class=\"background-dim__overlay\" style=\"background-color: #000000\"><\/div><img decoding=\"async\" alt=\"Jacquard\" class=\"wc-block-featured-category__background-image\" src=\"https:\/\/staging.silkandmore.eu\/wp-content\/uploads\/2026\/02\/awDnsBN8DW9PfQ8c5mwp-1024x771.jpeg\" style=\"object-fit: none;object-position: 50% 50%;\" \/><div class=\"wc-block-featured-category__inner-blocks\">\n<h2 data-block-name=\"woocommerce\/category-title\" data-text-align=\"center\" class=\"has-text-align-center wp-block-woocommerce-category-title\">Jacquard<\/h2>\n\n<div data-block-name=\"woocommerce\/category-description\" data-text-align=\"center\" class=\"has-text-align-center wp-block-woocommerce-category-description\"><p>Lavorazioni pregiate con disegni intrecciati nella trama del tessuto.<\/p>\n<\/div>\n\n\n<div class=\"wp-block-buttons is-content-justification-center is-layout-flex wp-container-core-buttons-is-layout-a89b3969 wp-block-buttons-is-layout-flex\">\n<div class=\"wp-block-button is-style-outline is-style-outline--2\"><a class=\"wp-block-button__link has-custom-nero-60-background-color has-background wp-element-button\" href=\"https:\/\/staging.silkandmore.eu\/fr\/catalogue\/cat\u00e9gorie\/jacquard\/\" style=\"border-top-left-radius:0.5rem;border-top-right-radius:0.5rem;border-bottom-left-radius:0.5rem;border-bottom-right-radius:0.5rem\">Acheter maintenant<\/a><\/div>\n<\/div>\n\n<\/div><\/div><\/div><\/div>\n\n\n\n<div class=\"wp-block-column is-layout-flow wp-block-column-is-layout-flow\" style=\"flex-basis:100%\"><\/div>\n<\/div>\n<\/div>\n\n\n\n<div class=\"wp-block-group alignwide is-vertical is-content-justification-left is-nowrap is-layout-flex wp-container-core-group-is-layout-0b7dbf37 wp-block-group-is-layout-flex\" style=\"padding-top:var(--wp--preset--spacing--30);padding-bottom:var(--wp--preset--spacing--30)\">\n<div style=\"height:0px\" aria-hidden=\"true\" class=\"wp-block-spacer wp-container-content-ff24c794\"><\/div>\n\n\n\n<div class=\"wp-block-columns is-layout-flex wp-container-core-columns-is-layout-cbe57604 wp-block-columns-is-layout-flex\">\n<div class=\"wp-block-column is-layout-flow wp-block-column-is-layout-flow\" style=\"flex-basis:100%\"><\/div>\n\n\n\n<div class=\"wp-block-column is-layout-flow wp-block-column-is-layout-flow\" style=\"flex-basis:100%\"><\/div>\n<\/div>\n<\/div>\n<\/div>\n\n\n\n<div class=\"wp-block-group alignwide has-global-padding is-layout-constrained wp-container-core-group-is-layout-e3f262ed wp-block-group-is-layout-constrained\" style=\"border-top-left-radius:0.5rem;border-top-right-radius:0.5rem;border-bottom-left-radius:0.5rem;border-bottom-right-radius:0.5rem;padding-top:0;padding-bottom:0\">\n<div class=\"wp-block-group alignfull has-global-padding is-content-justification-center is-layout-constrained wp-container-core-group-is-layout-49a5e8a0 wp-block-group-is-layout-constrained\" style=\"margin-top:0;margin-bottom:0;padding-top:calc( 0.5 * var(--wp--style--root--padding-right, var(--wp--custom--gap--horizontal)));padding-right:var(--wp--style--root--padding-right, var(--wp--custom--gap--horizontal));padding-bottom:calc( 0.5 * var(--wp--style--root--padding-right, var(--wp--custom--gap--horizontal)));padding-left:var(--wp--style--root--padding-left, var(--wp--custom--gap--horizontal))\">\n<h3 class=\"wp-block-heading alignwide\">Derniers arrivages<\/h3>\n\n\n\n\n\n\n\n<div style=\"height:calc( 0.25 * var(--wp--style--root--padding-right, var(--wp--custom--gap--horizontal)))\" aria-hidden=\"true\" class=\"wp-block-spacer\"><\/div>\n<\/div>\n<\/div>\n<\/main>\n","protected":false},"excerpt":{"rendered":"<p>D\u00e9couvrez une s\u00e9lection exclusive de tissus haut de gamme, choisis parmi les meilleurs fabricants italiens et internationaux. Des soies fines aux cotons, laines et imprim\u00e9s raffin\u00e9s, chaque pi\u00e8ce de notre collection allie style, recherche et tradition textile. Id\u00e9aux pour des cr\u00e9ations sur mesure uniques, nos tissus sont con\u00e7us pour inspirer et sublimer chaque projet.  <\/p>\n","protected":false},"author":1,"featured_media":0,"parent":0,"menu_order":0,"comment_status":"closed","ping_status":"closed","template":"","meta":{"_eb_attr":"","jetpack_post_was_ever_published":false,"footnotes":""},"class_list":["post-1986","page","type-page","status-publish","hentry"],"yoast_head":"<!-- This site is optimized with the Yoast SEO plugin v27.4 - https:\/\/yoast.com\/product\/yoast-seo-wordpress\/ -->\n<title>Home Page FR - Silk and More<\/title>\n<meta name=\"robots\" content=\"noindex, follow, max-snippet:-1, max-image-preview:large, max-video-preview:-1\" \/>\n<meta property=\"og:locale\" content=\"fr_FR\" \/>\n<meta property=\"og:type\" content=\"article\" \/>\n<meta property=\"og:title\" content=\"Home Page FR - Silk and More\" \/>\n<meta property=\"og:description\" content=\"D\u00e9couvrez une s\u00e9lection exclusive de tissus haut de gamme, choisis parmi les meilleurs fabricants italiens et internationaux. Des soies fines aux cotons, laines et imprim\u00e9s raffin\u00e9s, chaque pi\u00e8ce de notre collection allie style, recherche et tradition textile. Id\u00e9aux pour des cr\u00e9ations sur mesure uniques, nos tissus sont con\u00e7us pour inspirer et sublimer chaque projet.\" \/>\n<meta property=\"og:url\" content=\"https:\/\/staging.silkandmore.eu\/fr\/\" \/>\n<meta property=\"og:site_name\" content=\"Silk and More\" \/>\n<meta property=\"article:publisher\" content=\"https:\/\/www.facebook.com\/profile.php?id=61557150906741\" \/>\n<meta property=\"article:modified_time\" content=\"2026-03-24T18:31:37+00:00\" \/>\n<meta property=\"og:image\" content=\"https:\/\/staging.silkandmore.eu\/wp-content\/uploads\/2026\/02\/xTNvMW2BuLVAVZYWP53v-scaled.jpeg\" \/>\n\t<meta property=\"og:image:width\" content=\"2560\" \/>\n\t<meta property=\"og:image:height\" content=\"1692\" \/>\n\t<meta property=\"og:image:type\" content=\"image\/jpeg\" \/>\n<meta name=\"twitter:card\" content=\"summary_large_image\" \/>\n<meta name=\"twitter:label1\" content=\"Dur\u00e9e de lecture estim\u00e9e\" \/>\n\t<meta name=\"twitter:data1\" content=\"1 minute\" \/>\n<script type=\"application\/ld+json\" class=\"yoast-schema-graph\">{\"@context\":\"https:\\\/\\\/schema.org\",\"@graph\":[{\"@type\":\"WebPage\",\"@id\":\"https:\\\/\\\/staging.silkandmore.eu\\\/fr\\\/\",\"url\":\"https:\\\/\\\/staging.silkandmore.eu\\\/fr\\\/\",\"name\":\"Home Page FR - Silk and More\",\"isPartOf\":{\"@id\":\"https:\\\/\\\/staging.silkandmore.eu\\\/fr\\\/#website\"},\"primaryImageOfPage\":{\"@id\":\"https:\\\/\\\/staging.silkandmore.eu\\\/fr\\\/#primaryimage\"},\"image\":{\"@id\":\"https:\\\/\\\/staging.silkandmore.eu\\\/fr\\\/#primaryimage\"},\"thumbnailUrl\":\"https:\\\/\\\/staging.silkandmore.eu\\\/wp-content\\\/uploads\\\/2026\\\/02\\\/xTNvMW2BuLVAVZYWP53v-1024x677.jpeg\",\"datePublished\":\"2026-03-20T10:24:03+00:00\",\"dateModified\":\"2026-03-24T18:31:37+00:00\",\"breadcrumb\":{\"@id\":\"https:\\\/\\\/staging.silkandmore.eu\\\/fr\\\/#breadcrumb\"},\"inLanguage\":\"fr-FR\",\"potentialAction\":[{\"@type\":\"ReadAction\",\"target\":[\"https:\\\/\\\/staging.silkandmore.eu\\\/fr\\\/\"]}]},{\"@type\":\"ImageObject\",\"inLanguage\":\"fr-FR\",\"@id\":\"https:\\\/\\\/staging.silkandmore.eu\\\/fr\\\/#primaryimage\",\"url\":\"https:\\\/\\\/staging.silkandmore.eu\\\/wp-content\\\/uploads\\\/2026\\\/02\\\/xTNvMW2BuLVAVZYWP53v-1024x677.jpeg\",\"contentUrl\":\"https:\\\/\\\/staging.silkandmore.eu\\\/wp-content\\\/uploads\\\/2026\\\/02\\\/xTNvMW2BuLVAVZYWP53v-1024x677.jpeg\"},{\"@type\":\"BreadcrumbList\",\"@id\":\"https:\\\/\\\/staging.silkandmore.eu\\\/fr\\\/#breadcrumb\",\"itemListElement\":[{\"@type\":\"ListItem\",\"position\":1,\"name\":\"Home\",\"item\":\"https:\\\/\\\/staging.silkandmore.eu\\\/fr\\\/\"},{\"@type\":\"ListItem\",\"position\":2,\"name\":\"Home Page FR\"}]},{\"@type\":\"WebSite\",\"@id\":\"https:\\\/\\\/staging.silkandmore.eu\\\/fr\\\/#website\",\"url\":\"https:\\\/\\\/staging.silkandmore.eu\\\/fr\\\/\",\"name\":\"Silk and More\",\"description\":\"Italian Luxury Fabrics\",\"publisher\":{\"@id\":\"https:\\\/\\\/staging.silkandmore.eu\\\/fr\\\/#organization\"},\"potentialAction\":[{\"@type\":\"SearchAction\",\"target\":{\"@type\":\"EntryPoint\",\"urlTemplate\":\"https:\\\/\\\/staging.silkandmore.eu\\\/fr\\\/?s={search_term_string}\"},\"query-input\":{\"@type\":\"PropertyValueSpecification\",\"valueRequired\":true,\"valueName\":\"search_term_string\"}}],\"inLanguage\":\"fr-FR\"},{\"@type\":\"Organization\",\"@id\":\"https:\\\/\\\/staging.silkandmore.eu\\\/fr\\\/#organization\",\"name\":\"Silk and More\",\"url\":\"https:\\\/\\\/staging.silkandmore.eu\\\/fr\\\/\",\"logo\":{\"@type\":\"ImageObject\",\"inLanguage\":\"fr-FR\",\"@id\":\"https:\\\/\\\/staging.silkandmore.eu\\\/fr\\\/#\\\/schema\\\/logo\\\/image\\\/\",\"url\":\"https:\\\/\\\/staging.silkandmore.eu\\\/wp-content\\\/uploads\\\/2026\\\/03\\\/logo_silkandmore.png\",\"contentUrl\":\"https:\\\/\\\/staging.silkandmore.eu\\\/wp-content\\\/uploads\\\/2026\\\/03\\\/logo_silkandmore.png\",\"width\":1355,\"height\":526,\"caption\":\"Silk and More\"},\"image\":{\"@id\":\"https:\\\/\\\/staging.silkandmore.eu\\\/fr\\\/#\\\/schema\\\/logo\\\/image\\\/\"},\"sameAs\":[\"https:\\\/\\\/www.facebook.com\\\/profile.php?id=61557150906741\",\"https:\\\/\\\/www.instagram.com\\\/silkandmore_como?igsh=ZDE1MWVjZGVmZQ==\",\"https:\\\/\\\/youtube.com\\\/@silkandmore-mf9un?si=dHZDiu323UzQBa4Y\"]}]}<\/script>\n<!-- \/ Yoast SEO plugin. -->","yoast_head_json":{"title":"Home Page FR - Silk and More","robots":{"index":"noindex","follow":"follow","max-snippet":"max-snippet:-1","max-image-preview":"max-image-preview:large","max-video-preview":"max-video-preview:-1"},"og_locale":"fr_FR","og_type":"article","og_title":"Home Page FR - Silk and More","og_description":"D\u00e9couvrez une s\u00e9lection exclusive de tissus haut de gamme, choisis parmi les meilleurs fabricants italiens et internationaux. Des soies fines aux cotons, laines et imprim\u00e9s raffin\u00e9s, chaque pi\u00e8ce de notre collection allie style, recherche et tradition textile. Id\u00e9aux pour des cr\u00e9ations sur mesure uniques, nos tissus sont con\u00e7us pour inspirer et sublimer chaque projet.","og_url":"https:\/\/staging.silkandmore.eu\/fr\/","og_site_name":"Silk and More","article_publisher":"https:\/\/www.facebook.com\/profile.php?id=61557150906741","article_modified_time":"2026-03-24T18:31:37+00:00","og_image":[{"width":2560,"height":1692,"url":"https:\/\/staging.silkandmore.eu\/wp-content\/uploads\/2026\/02\/xTNvMW2BuLVAVZYWP53v-scaled.jpeg","type":"image\/jpeg"}],"twitter_card":"summary_large_image","twitter_misc":{"Dur\u00e9e de lecture estim\u00e9e":"1 minute"},"schema":{"@context":"https:\/\/schema.org","@graph":[{"@type":"WebPage","@id":"https:\/\/staging.silkandmore.eu\/fr\/","url":"https:\/\/staging.silkandmore.eu\/fr\/","name":"Home Page FR - Silk and More","isPartOf":{"@id":"https:\/\/staging.silkandmore.eu\/fr\/#website"},"primaryImageOfPage":{"@id":"https:\/\/staging.silkandmore.eu\/fr\/#primaryimage"},"image":{"@id":"https:\/\/staging.silkandmore.eu\/fr\/#primaryimage"},"thumbnailUrl":"https:\/\/staging.silkandmore.eu\/wp-content\/uploads\/2026\/02\/xTNvMW2BuLVAVZYWP53v-1024x677.jpeg","datePublished":"2026-03-20T10:24:03+00:00","dateModified":"2026-03-24T18:31:37+00:00","breadcrumb":{"@id":"https:\/\/staging.silkandmore.eu\/fr\/#breadcrumb"},"inLanguage":"fr-FR","potentialAction":[{"@type":"ReadAction","target":["https:\/\/staging.silkandmore.eu\/fr\/"]}]},{"@type":"ImageObject","inLanguage":"fr-FR","@id":"https:\/\/staging.silkandmore.eu\/fr\/#primaryimage","url":"https:\/\/staging.silkandmore.eu\/wp-content\/uploads\/2026\/02\/xTNvMW2BuLVAVZYWP53v-1024x677.jpeg","contentUrl":"https:\/\/staging.silkandmore.eu\/wp-content\/uploads\/2026\/02\/xTNvMW2BuLVAVZYWP53v-1024x677.jpeg"},{"@type":"BreadcrumbList","@id":"https:\/\/staging.silkandmore.eu\/fr\/#breadcrumb","itemListElement":[{"@type":"ListItem","position":1,"name":"Home","item":"https:\/\/staging.silkandmore.eu\/fr\/"},{"@type":"ListItem","position":2,"name":"Home Page FR"}]},{"@type":"WebSite","@id":"https:\/\/staging.silkandmore.eu\/fr\/#website","url":"https:\/\/staging.silkandmore.eu\/fr\/","name":"Silk and More","description":"Italian Luxury Fabrics","publisher":{"@id":"https:\/\/staging.silkandmore.eu\/fr\/#organization"},"potentialAction":[{"@type":"SearchAction","target":{"@type":"EntryPoint","urlTemplate":"https:\/\/staging.silkandmore.eu\/fr\/?s={search_term_string}"},"query-input":{"@type":"PropertyValueSpecification","valueRequired":true,"valueName":"search_term_string"}}],"inLanguage":"fr-FR"},{"@type":"Organization","@id":"https:\/\/staging.silkandmore.eu\/fr\/#organization","name":"Silk and More","url":"https:\/\/staging.silkandmore.eu\/fr\/","logo":{"@type":"ImageObject","inLanguage":"fr-FR","@id":"https:\/\/staging.silkandmore.eu\/fr\/#\/schema\/logo\/image\/","url":"https:\/\/staging.silkandmore.eu\/wp-content\/uploads\/2026\/03\/logo_silkandmore.png","contentUrl":"https:\/\/staging.silkandmore.eu\/wp-content\/uploads\/2026\/03\/logo_silkandmore.png","width":1355,"height":526,"caption":"Silk and More"},"image":{"@id":"https:\/\/staging.silkandmore.eu\/fr\/#\/schema\/logo\/image\/"},"sameAs":["https:\/\/www.facebook.com\/profile.php?id=61557150906741","https:\/\/www.instagram.com\/silkandmore_como?igsh=ZDE1MWVjZGVmZQ==","https:\/\/youtube.com\/@silkandmore-mf9un?si=dHZDiu323UzQBa4Y"]}]}},"jetpack_sharing_enabled":true,"jetpack-related-posts":[{"id":1546,"url":"https:\/\/staging.silkandmore.eu\/fr\/a-propos-de-nous\/","url_meta":{"origin":1986,"position":0},"title":"\u00c0 propos de nous","author":"samretweb","date":"12 f\u00e9vrier 2026","format":false,"excerpt":"Nous sommes une \u00e9quipe de plusieurs personnes qui travaillent dans le secteur textile depuis 1999, avec une longue exp\u00e9rience professionnelle et des relations solides avec les fournisseurs et les repr\u00e9sentants de l'excellence du made in Italy de Como. Nos bureaux se trouvent \u00e0 Milan et \u00e0 Casnate, dans la province\u2026","rel":"","context":"Article similaire","block_context":{"text":"Article similaire","link":""},"img":{"alt_text":"","src":"","width":0,"height":0},"classes":[]},{"id":1576,"url":"https:\/\/staging.silkandmore.eu\/fr\/notre-philosophie\/","url_meta":{"origin":1986,"position":1},"title":"Philosophie","author":"samretweb","date":"12 f\u00e9vrier 2026","format":false,"excerpt":"Associer la haute couture \u00e0 la durabilit\u00e9 et \u00e0 l'engagement environnemental a toujours \u00e9t\u00e9 au c\u0153ur de notre mod\u00e8le d'entreprise. Nous disposons d'une \u00e9quipe de vendeurs et de chercheurs qui se qui se consacrent quotidiennement a une s\u00e9lection et \u00e0 une recherche minutieuses, presque maniaques, de tissus, de soies et\u2026","rel":"","context":"Article similaire","block_context":{"text":"Article similaire","link":""},"img":{"alt_text":"","src":"","width":0,"height":0},"classes":[]},{"id":1511,"url":"https:\/\/staging.silkandmore.eu\/fr\/validation-de-la-commande\/","url_meta":{"origin":1986,"position":2},"title":"Validation de la commande","author":"samretweb","date":"11 f\u00e9vrier 2026","format":false,"excerpt":"","rel":"","context":"Article similaire","block_context":{"text":"Article similaire","link":""},"img":{"alt_text":"","src":"","width":0,"height":0},"classes":[]},{"id":1558,"url":"https:\/\/staging.silkandmore.eu\/fr\/garantie-de-reprise\/","url_meta":{"origin":1986,"position":3},"title":"Garantie de reprise","author":"samretweb","date":"11 f\u00e9vrier 2026","format":false,"excerpt":"","rel":"","context":"Article similaire","block_context":{"text":"Article similaire","link":""},"img":{"alt_text":"","src":"","width":0,"height":0},"classes":[]}],"_links":{"self":[{"href":"https:\/\/staging.silkandmore.eu\/fr\/wp-json\/wp\/v2\/pages\/1986","targetHints":{"allow":["GET"]}}],"collection":[{"href":"https:\/\/staging.silkandmore.eu\/fr\/wp-json\/wp\/v2\/pages"}],"about":[{"href":"https:\/\/staging.silkandmore.eu\/fr\/wp-json\/wp\/v2\/types\/page"}],"author":[{"embeddable":true,"href":"https:\/\/staging.silkandmore.eu\/fr\/wp-json\/wp\/v2\/users\/1"}],"replies":[{"embeddable":true,"href":"https:\/\/staging.silkandmore.eu\/fr\/wp-json\/wp\/v2\/comments?post=1986"}],"version-history":[{"count":39,"href":"https:\/\/staging.silkandmore.eu\/fr\/wp-json\/wp\/v2\/pages\/1986\/revisions"}],"predecessor-version":[{"id":2292,"href":"https:\/\/staging.silkandmore.eu\/fr\/wp-json\/wp\/v2\/pages\/1986\/revisions\/2292"}],"wp:attachment":[{"href":"https:\/\/staging.silkandmore.eu\/fr\/wp-json\/wp\/v2\/media?parent=1986"}],"curies":[{"name":"wp","href":"https:\/\/api.w.org\/{rel}","templated":true}]}}