{"id":1576,"date":"2026-02-12T17:28:57","date_gmt":"2026-02-12T17:28:57","guid":{"rendered":"https:\/\/staging.silkandmore.eu\/la-nostra-filosofia\/"},"modified":"2026-03-24T18:05:57","modified_gmt":"2026-03-24T18:05:57","slug":"notre-philosophie","status":"publish","type":"page","link":"https:\/\/staging.silkandmore.eu\/fr\/notre-philosophie\/","title":{"rendered":"Philosophie"},"content":{"rendered":"\n<p id=\"iv38h\">Associer la haute couture \u00e0 la durabilit\u00e9 et \u00e0 l&rsquo;engagement environnemental a toujours \u00e9t\u00e9 au c\u0153ur de notre mod\u00e8le d&rsquo;entreprise.<\/p>\n\n<p id=\"izx3i\">Nous disposons d&rsquo;une \u00e9quipe de vendeurs et de chercheurs qui se qui se consacrent quotidiennement a une s\u00e9lection et \u00e0 une recherche minutieuses, presque maniaques, de tissus, de soies et d&rsquo;imprim\u00e9s de haute qualit\u00e9, tous fabriqu\u00e9s en Italie et conformes aux derni\u00e8res tendances de la mode. Nos tissus proviennent de la surproduction des grandes industries textiles de Como qui travaillent pour les marques les plus renomm\u00e9es et pour les grands noms de la mode italienne et internationale. Ainsi, les surplus textiles des plus grandes maisons de couture italiennes sont r\u00e9cup\u00e9r\u00e9s et r\u00e9introduits dans la cha\u00eene de production, transform\u00e9s en une nouvelle ressource, r\u00e9duisant l&rsquo;impact environnemental et les d\u00e9chets.<\/p>\n\n<p id=\"iqmrd\">Nos fournisseurs sont exclusivement des partenaires certifi\u00e9s avec lesquels nous collaborons depuis plus de 20 ans. Il s&rsquo;agit pour la plupart de prestigieuses entreprises textiles italiennes op\u00e9rant dans la r\u00e9gion de Como, ce qui constitue une garantie de qualit\u00e9 et d&rsquo;exclusivit\u00e9. Le made in Italy reste en effet toujours le fleuron de notre offre de tissus, soies et imprim\u00e9s.<\/p>\n\n<p id=\"i23ro\">Notre objectif est de valoriser ce que les grandes entreprises de mode ne sont plus en mesure d&rsquo;utiliser pour cr\u00e9er un nouveau canal de mode durable, toujours de haute qualit\u00e9 et \u00e0 l&rsquo;avant-garde, aux c\u00f4t\u00e9s de celui de la mode classique, afin de cr\u00e9er une \u00e9conomie circulaire parfaite et de r\u00e9g\u00e9n\u00e9rer les ressources et les mat\u00e9riaux.<\/p>\n","protected":false},"excerpt":{"rendered":"<p>Associer la haute couture \u00e0 la durabilit\u00e9 et \u00e0 l&rsquo;engagement environnemental a toujours \u00e9t\u00e9 au c\u0153ur de notre mod\u00e8le d&rsquo;entreprise. Nous disposons d&rsquo;une \u00e9quipe de vendeurs et de chercheurs qui se qui se consacrent quotidiennement a une s\u00e9lection et \u00e0 une recherche minutieuses, presque maniaques, de tissus, de soies et d&rsquo;imprim\u00e9s de haute qualit\u00e9, tous [&hellip;]<\/p>\n","protected":false},"author":1,"featured_media":0,"parent":0,"menu_order":0,"comment_status":"closed","ping_status":"closed","template":"","meta":{"_eb_attr":"","jetpack_post_was_ever_published":false,"footnotes":""},"class_list":["post-1576","page","type-page","status-publish","hentry"],"yoast_head":"<!-- This site is optimized with the Yoast SEO plugin v27.4 - https:\/\/yoast.com\/product\/yoast-seo-wordpress\/ -->\n<title>Philosophie - Silk and More<\/title>\n<meta name=\"robots\" content=\"noindex, follow, max-snippet:-1, max-image-preview:large, max-video-preview:-1\" \/>\n<meta property=\"og:locale\" content=\"fr_FR\" \/>\n<meta property=\"og:type\" content=\"article\" \/>\n<meta property=\"og:title\" content=\"Philosophie - Silk and More\" \/>\n<meta property=\"og:description\" content=\"Associer la haute couture \u00e0 la durabilit\u00e9 et \u00e0 l&rsquo;engagement environnemental a toujours \u00e9t\u00e9 au c\u0153ur de notre mod\u00e8le d&rsquo;entreprise. Nous disposons d&rsquo;une \u00e9quipe de vendeurs et de chercheurs qui se qui se consacrent quotidiennement a une s\u00e9lection et \u00e0 une recherche minutieuses, presque maniaques, de tissus, de soies et d&rsquo;imprim\u00e9s de haute qualit\u00e9, tous [&hellip;]\" \/>\n<meta property=\"og:url\" content=\"https:\/\/staging.silkandmore.eu\/fr\/notre-philosophie\/\" \/>\n<meta property=\"og:site_name\" content=\"Silk and More\" \/>\n<meta property=\"article:publisher\" content=\"https:\/\/www.facebook.com\/profile.php?id=61557150906741\" \/>\n<meta property=\"article:modified_time\" content=\"2026-03-24T18:05:57+00:00\" \/>\n<meta name=\"twitter:card\" content=\"summary_large_image\" \/>\n<meta name=\"twitter:label1\" content=\"Dur\u00e9e de lecture estim\u00e9e\" \/>\n\t<meta name=\"twitter:data1\" content=\"2 minutes\" \/>\n<script type=\"application\/ld+json\" class=\"yoast-schema-graph\">{\"@context\":\"https:\\\/\\\/schema.org\",\"@graph\":[{\"@type\":\"WebPage\",\"@id\":\"https:\\\/\\\/staging.silkandmore.eu\\\/fr\\\/notre-philosophie\\\/\",\"url\":\"https:\\\/\\\/staging.silkandmore.eu\\\/fr\\\/notre-philosophie\\\/\",\"name\":\"Philosophie - Silk and More\",\"isPartOf\":{\"@id\":\"https:\\\/\\\/staging.silkandmore.eu\\\/fr\\\/#website\"},\"datePublished\":\"2026-02-12T17:28:57+00:00\",\"dateModified\":\"2026-03-24T18:05:57+00:00\",\"breadcrumb\":{\"@id\":\"https:\\\/\\\/staging.silkandmore.eu\\\/fr\\\/notre-philosophie\\\/#breadcrumb\"},\"inLanguage\":\"fr-FR\",\"potentialAction\":[{\"@type\":\"ReadAction\",\"target\":[\"https:\\\/\\\/staging.silkandmore.eu\\\/fr\\\/notre-philosophie\\\/\"]}]},{\"@type\":\"BreadcrumbList\",\"@id\":\"https:\\\/\\\/staging.silkandmore.eu\\\/fr\\\/notre-philosophie\\\/#breadcrumb\",\"itemListElement\":[{\"@type\":\"ListItem\",\"position\":1,\"name\":\"Home\",\"item\":\"https:\\\/\\\/staging.silkandmore.eu\\\/fr\\\/\"},{\"@type\":\"ListItem\",\"position\":2,\"name\":\"Philosophie\"}]},{\"@type\":\"WebSite\",\"@id\":\"https:\\\/\\\/staging.silkandmore.eu\\\/fr\\\/#website\",\"url\":\"https:\\\/\\\/staging.silkandmore.eu\\\/fr\\\/\",\"name\":\"Silk and More\",\"description\":\"Italian Luxury Fabrics\",\"publisher\":{\"@id\":\"https:\\\/\\\/staging.silkandmore.eu\\\/fr\\\/#organization\"},\"potentialAction\":[{\"@type\":\"SearchAction\",\"target\":{\"@type\":\"EntryPoint\",\"urlTemplate\":\"https:\\\/\\\/staging.silkandmore.eu\\\/fr\\\/?s={search_term_string}\"},\"query-input\":{\"@type\":\"PropertyValueSpecification\",\"valueRequired\":true,\"valueName\":\"search_term_string\"}}],\"inLanguage\":\"fr-FR\"},{\"@type\":\"Organization\",\"@id\":\"https:\\\/\\\/staging.silkandmore.eu\\\/fr\\\/#organization\",\"name\":\"Silk and More\",\"url\":\"https:\\\/\\\/staging.silkandmore.eu\\\/fr\\\/\",\"logo\":{\"@type\":\"ImageObject\",\"inLanguage\":\"fr-FR\",\"@id\":\"https:\\\/\\\/staging.silkandmore.eu\\\/fr\\\/#\\\/schema\\\/logo\\\/image\\\/\",\"url\":\"https:\\\/\\\/staging.silkandmore.eu\\\/wp-content\\\/uploads\\\/2026\\\/03\\\/logo_silkandmore.png\",\"contentUrl\":\"https:\\\/\\\/staging.silkandmore.eu\\\/wp-content\\\/uploads\\\/2026\\\/03\\\/logo_silkandmore.png\",\"width\":1355,\"height\":526,\"caption\":\"Silk and More\"},\"image\":{\"@id\":\"https:\\\/\\\/staging.silkandmore.eu\\\/fr\\\/#\\\/schema\\\/logo\\\/image\\\/\"},\"sameAs\":[\"https:\\\/\\\/www.facebook.com\\\/profile.php?id=61557150906741\",\"https:\\\/\\\/www.instagram.com\\\/silkandmore_como?igsh=ZDE1MWVjZGVmZQ==\",\"https:\\\/\\\/youtube.com\\\/@silkandmore-mf9un?si=dHZDiu323UzQBa4Y\"]}]}<\/script>\n<!-- \/ Yoast SEO plugin. -->","yoast_head_json":{"title":"Philosophie - Silk and More","robots":{"index":"noindex","follow":"follow","max-snippet":"max-snippet:-1","max-image-preview":"max-image-preview:large","max-video-preview":"max-video-preview:-1"},"og_locale":"fr_FR","og_type":"article","og_title":"Philosophie - Silk and More","og_description":"Associer la haute couture \u00e0 la durabilit\u00e9 et \u00e0 l&rsquo;engagement environnemental a toujours \u00e9t\u00e9 au c\u0153ur de notre mod\u00e8le d&rsquo;entreprise. Nous disposons d&rsquo;une \u00e9quipe de vendeurs et de chercheurs qui se qui se consacrent quotidiennement a une s\u00e9lection et \u00e0 une recherche minutieuses, presque maniaques, de tissus, de soies et d&rsquo;imprim\u00e9s de haute qualit\u00e9, tous [&hellip;]","og_url":"https:\/\/staging.silkandmore.eu\/fr\/notre-philosophie\/","og_site_name":"Silk and More","article_publisher":"https:\/\/www.facebook.com\/profile.php?id=61557150906741","article_modified_time":"2026-03-24T18:05:57+00:00","twitter_card":"summary_large_image","twitter_misc":{"Dur\u00e9e de lecture estim\u00e9e":"2 minutes"},"schema":{"@context":"https:\/\/schema.org","@graph":[{"@type":"WebPage","@id":"https:\/\/staging.silkandmore.eu\/fr\/notre-philosophie\/","url":"https:\/\/staging.silkandmore.eu\/fr\/notre-philosophie\/","name":"Philosophie - Silk and More","isPartOf":{"@id":"https:\/\/staging.silkandmore.eu\/fr\/#website"},"datePublished":"2026-02-12T17:28:57+00:00","dateModified":"2026-03-24T18:05:57+00:00","breadcrumb":{"@id":"https:\/\/staging.silkandmore.eu\/fr\/notre-philosophie\/#breadcrumb"},"inLanguage":"fr-FR","potentialAction":[{"@type":"ReadAction","target":["https:\/\/staging.silkandmore.eu\/fr\/notre-philosophie\/"]}]},{"@type":"BreadcrumbList","@id":"https:\/\/staging.silkandmore.eu\/fr\/notre-philosophie\/#breadcrumb","itemListElement":[{"@type":"ListItem","position":1,"name":"Home","item":"https:\/\/staging.silkandmore.eu\/fr\/"},{"@type":"ListItem","position":2,"name":"Philosophie"}]},{"@type":"WebSite","@id":"https:\/\/staging.silkandmore.eu\/fr\/#website","url":"https:\/\/staging.silkandmore.eu\/fr\/","name":"Silk and More","description":"Italian Luxury Fabrics","publisher":{"@id":"https:\/\/staging.silkandmore.eu\/fr\/#organization"},"potentialAction":[{"@type":"SearchAction","target":{"@type":"EntryPoint","urlTemplate":"https:\/\/staging.silkandmore.eu\/fr\/?s={search_term_string}"},"query-input":{"@type":"PropertyValueSpecification","valueRequired":true,"valueName":"search_term_string"}}],"inLanguage":"fr-FR"},{"@type":"Organization","@id":"https:\/\/staging.silkandmore.eu\/fr\/#organization","name":"Silk and More","url":"https:\/\/staging.silkandmore.eu\/fr\/","logo":{"@type":"ImageObject","inLanguage":"fr-FR","@id":"https:\/\/staging.silkandmore.eu\/fr\/#\/schema\/logo\/image\/","url":"https:\/\/staging.silkandmore.eu\/wp-content\/uploads\/2026\/03\/logo_silkandmore.png","contentUrl":"https:\/\/staging.silkandmore.eu\/wp-content\/uploads\/2026\/03\/logo_silkandmore.png","width":1355,"height":526,"caption":"Silk and More"},"image":{"@id":"https:\/\/staging.silkandmore.eu\/fr\/#\/schema\/logo\/image\/"},"sameAs":["https:\/\/www.facebook.com\/profile.php?id=61557150906741","https:\/\/www.instagram.com\/silkandmore_como?igsh=ZDE1MWVjZGVmZQ==","https:\/\/youtube.com\/@silkandmore-mf9un?si=dHZDiu323UzQBa4Y"]}]}},"jetpack_sharing_enabled":true,"jetpack-related-posts":[{"id":1546,"url":"https:\/\/staging.silkandmore.eu\/fr\/a-propos-de-nous\/","url_meta":{"origin":1576,"position":0},"title":"\u00c0 propos de nous","author":"samretweb","date":"12 f\u00e9vrier 2026","format":false,"excerpt":"Nous sommes une \u00e9quipe de plusieurs personnes qui travaillent dans le secteur textile depuis 1999, avec une longue exp\u00e9rience professionnelle et des relations solides avec les fournisseurs et les repr\u00e9sentants de l'excellence du made in Italy de Como. Nos bureaux se trouvent \u00e0 Milan et \u00e0 Casnate, dans la province\u2026","rel":"","context":"Article similaire","block_context":{"text":"Article similaire","link":""},"img":{"alt_text":"","src":"","width":0,"height":0},"classes":[]},{"id":1986,"url":"https:\/\/staging.silkandmore.eu\/fr\/","url_meta":{"origin":1576,"position":1},"title":"Home Page FR","author":"samretweb","date":"20 mars 2026","format":false,"excerpt":"D\u00e9couvrez une s\u00e9lection exclusive de tissus haut de gamme, choisis parmi les meilleurs fabricants italiens et internationaux. Des soies fines aux cotons, laines et imprim\u00e9s raffin\u00e9s, chaque pi\u00e8ce de notre collection allie style, recherche et tradition textile. Id\u00e9aux pour des cr\u00e9ations sur mesure uniques, nos tissus sont con\u00e7us pour inspirer\u2026","rel":"","context":"Article similaire","block_context":{"text":"Article similaire","link":""},"img":{"alt_text":"","src":"https:\/\/i0.wp.com\/staging.silkandmore.eu\/wp-content\/uploads\/2026\/02\/xTNvMW2BuLVAVZYWP53v-1024x677.jpeg?resize=350%2C200&ssl=1","width":350,"height":200,"srcset":"https:\/\/i0.wp.com\/staging.silkandmore.eu\/wp-content\/uploads\/2026\/02\/xTNvMW2BuLVAVZYWP53v-1024x677.jpeg?resize=350%2C200&ssl=1 1x, https:\/\/i0.wp.com\/staging.silkandmore.eu\/wp-content\/uploads\/2026\/02\/xTNvMW2BuLVAVZYWP53v-1024x677.jpeg?resize=525%2C300&ssl=1 1.5x, https:\/\/i0.wp.com\/staging.silkandmore.eu\/wp-content\/uploads\/2026\/02\/xTNvMW2BuLVAVZYWP53v-1024x677.jpeg?resize=700%2C400&ssl=1 2x"},"classes":[]},{"id":1511,"url":"https:\/\/staging.silkandmore.eu\/fr\/validation-de-la-commande\/","url_meta":{"origin":1576,"position":2},"title":"Validation de la commande","author":"samretweb","date":"11 f\u00e9vrier 2026","format":false,"excerpt":"","rel":"","context":"Article similaire","block_context":{"text":"Article similaire","link":""},"img":{"alt_text":"","src":"","width":0,"height":0},"classes":[]},{"id":1558,"url":"https:\/\/staging.silkandmore.eu\/fr\/garantie-de-reprise\/","url_meta":{"origin":1576,"position":3},"title":"Garantie de reprise","author":"samretweb","date":"11 f\u00e9vrier 2026","format":false,"excerpt":"","rel":"","context":"Article similaire","block_context":{"text":"Article similaire","link":""},"img":{"alt_text":"","src":"","width":0,"height":0},"classes":[]},{"id":1551,"url":"https:\/\/staging.silkandmore.eu\/en\/our-philosophy\/","url_meta":{"origin":1576,"position":4},"title":"Mission","author":"samretweb","date":"12 f\u00e9vrier 2026","format":false,"excerpt":"The heart of our business mode have always been to combine high fashion with sustainability and environmental commitmen. Our sellers and researchers are daily engaged in a careful, almost obsessive selection and research of fine, high-quality fabrics, silks, prints, all made in Italy and in line with the latest trends.\u2026","rel":"","context":"Article similaire","block_context":{"text":"Article similaire","link":""},"img":{"alt_text":"","src":"","width":0,"height":0},"classes":[]},{"id":3129,"url":"https:\/\/staging.silkandmore.eu\/contatti\/","url_meta":{"origin":1576,"position":5},"title":"Contatti","author":"samretweb","date":"2 avril 2026","format":false,"excerpt":"Hai domande sui nostri tessuti o desideri maggiori informazioni? Siamo a tua disposizione per supportarti nella scelta e rispondere a ogni richiesta. Compila il form e ti risponderemo il prima possibile. Dove siamo Silk and More di Alberto Veralli info@silkandmore.eu Via Monte Rosa 21Milano, MI - ITALY 20149 Scrivi qui\u2026","rel":"","context":"Article similaire","block_context":{"text":"Article similaire","link":""},"img":{"alt_text":"","src":"","width":0,"height":0},"classes":[]}],"_links":{"self":[{"href":"https:\/\/staging.silkandmore.eu\/fr\/wp-json\/wp\/v2\/pages\/1576","targetHints":{"allow":["GET"]}}],"collection":[{"href":"https:\/\/staging.silkandmore.eu\/fr\/wp-json\/wp\/v2\/pages"}],"about":[{"href":"https:\/\/staging.silkandmore.eu\/fr\/wp-json\/wp\/v2\/types\/page"}],"author":[{"embeddable":true,"href":"https:\/\/staging.silkandmore.eu\/fr\/wp-json\/wp\/v2\/users\/1"}],"replies":[{"embeddable":true,"href":"https:\/\/staging.silkandmore.eu\/fr\/wp-json\/wp\/v2\/comments?post=1576"}],"version-history":[{"count":5,"href":"https:\/\/staging.silkandmore.eu\/fr\/wp-json\/wp\/v2\/pages\/1576\/revisions"}],"predecessor-version":[{"id":2275,"href":"https:\/\/staging.silkandmore.eu\/fr\/wp-json\/wp\/v2\/pages\/1576\/revisions\/2275"}],"wp:attachment":[{"href":"https:\/\/staging.silkandmore.eu\/fr\/wp-json\/wp\/v2\/media?parent=1576"}],"curies":[{"name":"wp","href":"https:\/\/api.w.org\/{rel}","templated":true}]}}