{"id":1558,"date":"2026-02-11T21:12:58","date_gmt":"2026-02-11T21:12:58","guid":{"rendered":"https:\/\/staging.silkandmore.eu\/rimborso_reso\/"},"modified":"2026-03-19T10:22:40","modified_gmt":"2026-03-19T10:22:40","slug":"garantie-de-reprise","status":"publish","type":"page","link":"https:\/\/staging.silkandmore.eu\/fr\/garantie-de-reprise\/","title":{"rendered":"Garantie de reprise"},"content":{"rendered":"","protected":false},"excerpt":{"rendered":"","protected":false},"author":1,"featured_media":0,"parent":0,"menu_order":0,"comment_status":"closed","ping_status":"closed","template":"","meta":{"_eb_attr":"","jetpack_post_was_ever_published":false,"footnotes":""},"class_list":["post-1558","page","type-page","status-publish","hentry"],"yoast_head":"<!-- This site is optimized with the Yoast SEO plugin v27.4 - https:\/\/yoast.com\/product\/yoast-seo-wordpress\/ -->\n<title>Garantie de reprise - Silk and More<\/title>\n<meta name=\"robots\" content=\"noindex, follow, max-snippet:-1, max-image-preview:large, max-video-preview:-1\" \/>\n<meta property=\"og:locale\" content=\"fr_FR\" \/>\n<meta property=\"og:type\" content=\"article\" \/>\n<meta property=\"og:title\" content=\"Garantie de reprise - Silk and More\" \/>\n<meta property=\"og:url\" content=\"https:\/\/staging.silkandmore.eu\/fr\/garantie-de-reprise\/\" \/>\n<meta property=\"og:site_name\" content=\"Silk and More\" \/>\n<meta property=\"article:publisher\" content=\"https:\/\/www.facebook.com\/profile.php?id=61557150906741\" \/>\n<meta property=\"article:modified_time\" content=\"2026-03-19T10:22:40+00:00\" \/>\n<meta name=\"twitter:card\" content=\"summary_large_image\" \/>\n<script type=\"application\/ld+json\" class=\"yoast-schema-graph\">{\"@context\":\"https:\\\/\\\/schema.org\",\"@graph\":[{\"@type\":\"WebPage\",\"@id\":\"https:\\\/\\\/staging.silkandmore.eu\\\/fr\\\/garantie-de-reprise\\\/\",\"url\":\"https:\\\/\\\/staging.silkandmore.eu\\\/fr\\\/garantie-de-reprise\\\/\",\"name\":\"Garantie de reprise - Silk and More\",\"isPartOf\":{\"@id\":\"https:\\\/\\\/staging.silkandmore.eu\\\/fr\\\/#website\"},\"datePublished\":\"2026-02-11T21:12:58+00:00\",\"dateModified\":\"2026-03-19T10:22:40+00:00\",\"breadcrumb\":{\"@id\":\"https:\\\/\\\/staging.silkandmore.eu\\\/fr\\\/garantie-de-reprise\\\/#breadcrumb\"},\"inLanguage\":\"fr-FR\",\"potentialAction\":[{\"@type\":\"ReadAction\",\"target\":[\"https:\\\/\\\/staging.silkandmore.eu\\\/fr\\\/garantie-de-reprise\\\/\"]}]},{\"@type\":\"BreadcrumbList\",\"@id\":\"https:\\\/\\\/staging.silkandmore.eu\\\/fr\\\/garantie-de-reprise\\\/#breadcrumb\",\"itemListElement\":[{\"@type\":\"ListItem\",\"position\":1,\"name\":\"Home\",\"item\":\"https:\\\/\\\/staging.silkandmore.eu\\\/fr\\\/\"},{\"@type\":\"ListItem\",\"position\":2,\"name\":\"Garantie de reprise\"}]},{\"@type\":\"WebSite\",\"@id\":\"https:\\\/\\\/staging.silkandmore.eu\\\/fr\\\/#website\",\"url\":\"https:\\\/\\\/staging.silkandmore.eu\\\/fr\\\/\",\"name\":\"Silk and More\",\"description\":\"Italian Luxury Fabrics\",\"publisher\":{\"@id\":\"https:\\\/\\\/staging.silkandmore.eu\\\/fr\\\/#organization\"},\"potentialAction\":[{\"@type\":\"SearchAction\",\"target\":{\"@type\":\"EntryPoint\",\"urlTemplate\":\"https:\\\/\\\/staging.silkandmore.eu\\\/fr\\\/?s={search_term_string}\"},\"query-input\":{\"@type\":\"PropertyValueSpecification\",\"valueRequired\":true,\"valueName\":\"search_term_string\"}}],\"inLanguage\":\"fr-FR\"},{\"@type\":\"Organization\",\"@id\":\"https:\\\/\\\/staging.silkandmore.eu\\\/fr\\\/#organization\",\"name\":\"Silk and More\",\"url\":\"https:\\\/\\\/staging.silkandmore.eu\\\/fr\\\/\",\"logo\":{\"@type\":\"ImageObject\",\"inLanguage\":\"fr-FR\",\"@id\":\"https:\\\/\\\/staging.silkandmore.eu\\\/fr\\\/#\\\/schema\\\/logo\\\/image\\\/\",\"url\":\"https:\\\/\\\/staging.silkandmore.eu\\\/wp-content\\\/uploads\\\/2026\\\/03\\\/logo_silkandmore.png\",\"contentUrl\":\"https:\\\/\\\/staging.silkandmore.eu\\\/wp-content\\\/uploads\\\/2026\\\/03\\\/logo_silkandmore.png\",\"width\":1355,\"height\":526,\"caption\":\"Silk and More\"},\"image\":{\"@id\":\"https:\\\/\\\/staging.silkandmore.eu\\\/fr\\\/#\\\/schema\\\/logo\\\/image\\\/\"},\"sameAs\":[\"https:\\\/\\\/www.facebook.com\\\/profile.php?id=61557150906741\",\"https:\\\/\\\/www.instagram.com\\\/silkandmore_como?igsh=ZDE1MWVjZGVmZQ==\",\"https:\\\/\\\/youtube.com\\\/@silkandmore-mf9un?si=dHZDiu323UzQBa4Y\"]}]}<\/script>\n<!-- \/ Yoast SEO plugin. -->","yoast_head_json":{"title":"Garantie de reprise - Silk and More","robots":{"index":"noindex","follow":"follow","max-snippet":"max-snippet:-1","max-image-preview":"max-image-preview:large","max-video-preview":"max-video-preview:-1"},"og_locale":"fr_FR","og_type":"article","og_title":"Garantie de reprise - Silk and More","og_url":"https:\/\/staging.silkandmore.eu\/fr\/garantie-de-reprise\/","og_site_name":"Silk and More","article_publisher":"https:\/\/www.facebook.com\/profile.php?id=61557150906741","article_modified_time":"2026-03-19T10:22:40+00:00","twitter_card":"summary_large_image","schema":{"@context":"https:\/\/schema.org","@graph":[{"@type":"WebPage","@id":"https:\/\/staging.silkandmore.eu\/fr\/garantie-de-reprise\/","url":"https:\/\/staging.silkandmore.eu\/fr\/garantie-de-reprise\/","name":"Garantie de reprise - Silk and More","isPartOf":{"@id":"https:\/\/staging.silkandmore.eu\/fr\/#website"},"datePublished":"2026-02-11T21:12:58+00:00","dateModified":"2026-03-19T10:22:40+00:00","breadcrumb":{"@id":"https:\/\/staging.silkandmore.eu\/fr\/garantie-de-reprise\/#breadcrumb"},"inLanguage":"fr-FR","potentialAction":[{"@type":"ReadAction","target":["https:\/\/staging.silkandmore.eu\/fr\/garantie-de-reprise\/"]}]},{"@type":"BreadcrumbList","@id":"https:\/\/staging.silkandmore.eu\/fr\/garantie-de-reprise\/#breadcrumb","itemListElement":[{"@type":"ListItem","position":1,"name":"Home","item":"https:\/\/staging.silkandmore.eu\/fr\/"},{"@type":"ListItem","position":2,"name":"Garantie de reprise"}]},{"@type":"WebSite","@id":"https:\/\/staging.silkandmore.eu\/fr\/#website","url":"https:\/\/staging.silkandmore.eu\/fr\/","name":"Silk and More","description":"Italian Luxury Fabrics","publisher":{"@id":"https:\/\/staging.silkandmore.eu\/fr\/#organization"},"potentialAction":[{"@type":"SearchAction","target":{"@type":"EntryPoint","urlTemplate":"https:\/\/staging.silkandmore.eu\/fr\/?s={search_term_string}"},"query-input":{"@type":"PropertyValueSpecification","valueRequired":true,"valueName":"search_term_string"}}],"inLanguage":"fr-FR"},{"@type":"Organization","@id":"https:\/\/staging.silkandmore.eu\/fr\/#organization","name":"Silk and More","url":"https:\/\/staging.silkandmore.eu\/fr\/","logo":{"@type":"ImageObject","inLanguage":"fr-FR","@id":"https:\/\/staging.silkandmore.eu\/fr\/#\/schema\/logo\/image\/","url":"https:\/\/staging.silkandmore.eu\/wp-content\/uploads\/2026\/03\/logo_silkandmore.png","contentUrl":"https:\/\/staging.silkandmore.eu\/wp-content\/uploads\/2026\/03\/logo_silkandmore.png","width":1355,"height":526,"caption":"Silk and More"},"image":{"@id":"https:\/\/staging.silkandmore.eu\/fr\/#\/schema\/logo\/image\/"},"sameAs":["https:\/\/www.facebook.com\/profile.php?id=61557150906741","https:\/\/www.instagram.com\/silkandmore_como?igsh=ZDE1MWVjZGVmZQ==","https:\/\/youtube.com\/@silkandmore-mf9un?si=dHZDiu323UzQBa4Y"]}]}},"jetpack_sharing_enabled":true,"jetpack-related-posts":[{"id":1576,"url":"https:\/\/staging.silkandmore.eu\/fr\/notre-philosophie\/","url_meta":{"origin":1558,"position":0},"title":"Philosophie","author":"samretweb","date":"12 f\u00e9vrier 2026","format":false,"excerpt":"Associer la haute couture \u00e0 la durabilit\u00e9 et \u00e0 l'engagement environnemental a toujours \u00e9t\u00e9 au c\u0153ur de notre mod\u00e8le d'entreprise. Nous disposons d'une \u00e9quipe de vendeurs et de chercheurs qui se qui se consacrent quotidiennement a une s\u00e9lection et \u00e0 une recherche minutieuses, presque maniaques, de tissus, de soies et\u2026","rel":"","context":"Article similaire","block_context":{"text":"Article similaire","link":""},"img":{"alt_text":"","src":"","width":0,"height":0},"classes":[]},{"id":1546,"url":"https:\/\/staging.silkandmore.eu\/fr\/a-propos-de-nous\/","url_meta":{"origin":1558,"position":1},"title":"\u00c0 propos de nous","author":"samretweb","date":"12 f\u00e9vrier 2026","format":false,"excerpt":"Nous sommes une \u00e9quipe de plusieurs personnes qui travaillent dans le secteur textile depuis 1999, avec une longue exp\u00e9rience professionnelle et des relations solides avec les fournisseurs et les repr\u00e9sentants de l'excellence du made in Italy de Como. Nos bureaux se trouvent \u00e0 Milan et \u00e0 Casnate, dans la province\u2026","rel":"","context":"Article similaire","block_context":{"text":"Article similaire","link":""},"img":{"alt_text":"","src":"","width":0,"height":0},"classes":[]},{"id":1511,"url":"https:\/\/staging.silkandmore.eu\/fr\/validation-de-la-commande\/","url_meta":{"origin":1558,"position":2},"title":"Validation de la commande","author":"samretweb","date":"11 f\u00e9vrier 2026","format":false,"excerpt":"","rel":"","context":"Article similaire","block_context":{"text":"Article similaire","link":""},"img":{"alt_text":"","src":"","width":0,"height":0},"classes":[]},{"id":1986,"url":"https:\/\/staging.silkandmore.eu\/fr\/","url_meta":{"origin":1558,"position":3},"title":"Home Page FR","author":"samretweb","date":"20 mars 2026","format":false,"excerpt":"D\u00e9couvrez une s\u00e9lection exclusive de tissus haut de gamme, choisis parmi les meilleurs fabricants italiens et internationaux. Des soies fines aux cotons, laines et imprim\u00e9s raffin\u00e9s, chaque pi\u00e8ce de notre collection allie style, recherche et tradition textile. Id\u00e9aux pour des cr\u00e9ations sur mesure uniques, nos tissus sont con\u00e7us pour inspirer\u2026","rel":"","context":"Article similaire","block_context":{"text":"Article similaire","link":""},"img":{"alt_text":"","src":"https:\/\/i0.wp.com\/staging.silkandmore.eu\/wp-content\/uploads\/2026\/02\/xTNvMW2BuLVAVZYWP53v-1024x677.jpeg?resize=350%2C200&ssl=1","width":350,"height":200,"srcset":"https:\/\/i0.wp.com\/staging.silkandmore.eu\/wp-content\/uploads\/2026\/02\/xTNvMW2BuLVAVZYWP53v-1024x677.jpeg?resize=350%2C200&ssl=1 1x, https:\/\/i0.wp.com\/staging.silkandmore.eu\/wp-content\/uploads\/2026\/02\/xTNvMW2BuLVAVZYWP53v-1024x677.jpeg?resize=525%2C300&ssl=1 1.5x, https:\/\/i0.wp.com\/staging.silkandmore.eu\/wp-content\/uploads\/2026\/02\/xTNvMW2BuLVAVZYWP53v-1024x677.jpeg?resize=700%2C400&ssl=1 2x"},"classes":[]}],"_links":{"self":[{"href":"https:\/\/staging.silkandmore.eu\/fr\/wp-json\/wp\/v2\/pages\/1558","targetHints":{"allow":["GET"]}}],"collection":[{"href":"https:\/\/staging.silkandmore.eu\/fr\/wp-json\/wp\/v2\/pages"}],"about":[{"href":"https:\/\/staging.silkandmore.eu\/fr\/wp-json\/wp\/v2\/types\/page"}],"author":[{"embeddable":true,"href":"https:\/\/staging.silkandmore.eu\/fr\/wp-json\/wp\/v2\/users\/1"}],"replies":[{"embeddable":true,"href":"https:\/\/staging.silkandmore.eu\/fr\/wp-json\/wp\/v2\/comments?post=1558"}],"version-history":[{"count":3,"href":"https:\/\/staging.silkandmore.eu\/fr\/wp-json\/wp\/v2\/pages\/1558\/revisions"}],"predecessor-version":[{"id":1585,"href":"https:\/\/staging.silkandmore.eu\/fr\/wp-json\/wp\/v2\/pages\/1558\/revisions\/1585"}],"wp:attachment":[{"href":"https:\/\/staging.silkandmore.eu\/fr\/wp-json\/wp\/v2\/media?parent=1558"}],"curies":[{"name":"wp","href":"https:\/\/api.w.org\/{rel}","templated":true}]}}