{"id":1546,"date":"2026-02-12T17:28:13","date_gmt":"2026-02-12T17:28:13","guid":{"rendered":"https:\/\/staging.silkandmore.eu\/chi-siamo\/"},"modified":"2026-03-19T09:04:04","modified_gmt":"2026-03-19T09:04:04","slug":"a-propos-de-nous","status":"publish","type":"page","link":"https:\/\/staging.silkandmore.eu\/fr\/a-propos-de-nous\/","title":{"rendered":"\u00c0 propos de nous"},"content":{"rendered":"\n<p>Nous sommes une \u00e9quipe de plusieurs personnes qui travaillent dans le secteur textile depuis 1999, avec une longue exp\u00e9rience professionnelle et des relations solides avec les fournisseurs et les repr\u00e9sentants de l&rsquo;excellence du made in Italy de Como.<\/p>\n\n\n\n<p>Nos bureaux se trouvent \u00e0 Milan et \u00e0 Casnate, dans la province de Como, o\u00f9 nous disposons d&rsquo;un grand magazin-dep\u00f4t o\u00f9 sont expos\u00e9s nos tissus, nos imprim\u00e9s et les fameuses soies de Como, que vous pouvez venir voir et toucher directement.<\/p>\n\n\n\n<p>Nous vendons en gros et au d\u00e9tail, tant aux consommateurs finales priv\u00e9s (stylistes, designers, graphistes, architectes et autres professionnels) qu&rsquo;aux entreprises, aux grandes industries textiles, aux d\u00e9taillants et aux confectionneurs. Nous collaborons \u00e9galement avec les principales \u00e9coles de mode italiennes.<\/p>\n\n\n\n<p id=\"i3cya\">La passion et l&rsquo;amour pour la mode italienne et pour l&rsquo;environnement ont pouss\u00e9 les quatre associ\u00e9s de notre soci\u00e9t\u00e9 \u00e0 poursuivre un projet tr\u00e8s ambitieux : apporter le Made in Italy et le style italien de qualit\u00e9 dans le monde entier, tout en pr\u00e9servant l&rsquo;environnement.<\/p>\n\n\n\n<p id=\"i1cyg\">C&rsquo;est pourquoi notre soci\u00e9t\u00e9 a d\u00e9cid\u00e9 de d\u00e9velopper une vente de tissus en ligne qui modernise et acc\u00e9l\u00e8re le processus d&rsquo;approvisionnement de l&rsquo;industrie textile, tout en le rendant plus durable et plus global.<\/p>\n\n\n\n<p id=\"iwsj6\">Notre \u00ab\u00a0foire\u00a0\u00bb de tissus en ligne permet aux professionnels du textile et du non-textile d&rsquo;acheter nos tissus \u00e0 des prix comp\u00e9titifs aupr\u00e8s d&rsquo;une vari\u00e9t\u00e9 de fournisseurs s\u00e9lectionn\u00e9s dans le monde entier.<\/p>\n\n\n\n<p id=\"ibc7r\">Nous exportons actuellement vers les principaux pays europ\u00e9ens et non europ\u00e9ens.<\/p>\n\n\n\n<p>Afin de pouvoir garantir un service fiable et transparent, chaque tissu est soumis \u00e0 notre contr\u00f4le de qualit\u00e9 pour s&rsquo;assurer que les informations relatives \u00e0 la qualit\u00e9 de l&rsquo;article sont effectivement correctes.<\/p>\n","protected":false},"excerpt":{"rendered":"<p>Nous sommes une \u00e9quipe de plusieurs personnes qui travaillent dans le secteur textile depuis 1999, avec une longue exp\u00e9rience professionnelle et des relations solides avec les fournisseurs et les repr\u00e9sentants de l&rsquo;excellence du made in Italy de Como. Nos bureaux se trouvent \u00e0 Milan et \u00e0 Casnate, dans la province de Como, o\u00f9 nous disposons [&hellip;]<\/p>\n","protected":false},"author":1,"featured_media":0,"parent":0,"menu_order":0,"comment_status":"closed","ping_status":"closed","template":"","meta":{"_eb_attr":"","jetpack_post_was_ever_published":false,"footnotes":""},"class_list":["post-1546","page","type-page","status-publish","hentry"],"yoast_head":"<!-- This site is optimized with the Yoast SEO plugin v27.4 - https:\/\/yoast.com\/product\/yoast-seo-wordpress\/ -->\n<title>\u00c0 propos de nous - Silk and More<\/title>\n<meta name=\"robots\" content=\"noindex, follow, max-snippet:-1, max-image-preview:large, max-video-preview:-1\" \/>\n<meta property=\"og:locale\" content=\"fr_FR\" \/>\n<meta property=\"og:type\" content=\"article\" \/>\n<meta property=\"og:title\" content=\"\u00c0 propos de nous - Silk and More\" \/>\n<meta property=\"og:description\" content=\"Nous sommes une \u00e9quipe de plusieurs personnes qui travaillent dans le secteur textile depuis 1999, avec une longue exp\u00e9rience professionnelle et des relations solides avec les fournisseurs et les repr\u00e9sentants de l&rsquo;excellence du made in Italy de Como. Nos bureaux se trouvent \u00e0 Milan et \u00e0 Casnate, dans la province de Como, o\u00f9 nous disposons [&hellip;]\" \/>\n<meta property=\"og:url\" content=\"https:\/\/staging.silkandmore.eu\/fr\/a-propos-de-nous\/\" \/>\n<meta property=\"og:site_name\" content=\"Silk and More\" \/>\n<meta property=\"article:publisher\" content=\"https:\/\/www.facebook.com\/profile.php?id=61557150906741\" \/>\n<meta property=\"article:modified_time\" content=\"2026-03-19T09:04:04+00:00\" \/>\n<meta name=\"twitter:card\" content=\"summary_large_image\" \/>\n<meta name=\"twitter:label1\" content=\"Dur\u00e9e de lecture estim\u00e9e\" \/>\n\t<meta name=\"twitter:data1\" content=\"2 minutes\" \/>\n<script type=\"application\/ld+json\" class=\"yoast-schema-graph\">{\"@context\":\"https:\\\/\\\/schema.org\",\"@graph\":[{\"@type\":\"WebPage\",\"@id\":\"https:\\\/\\\/staging.silkandmore.eu\\\/fr\\\/a-propos-de-nous\\\/\",\"url\":\"https:\\\/\\\/staging.silkandmore.eu\\\/fr\\\/a-propos-de-nous\\\/\",\"name\":\"\u00c0 propos de nous - Silk and More\",\"isPartOf\":{\"@id\":\"https:\\\/\\\/staging.silkandmore.eu\\\/fr\\\/#website\"},\"datePublished\":\"2026-02-12T17:28:13+00:00\",\"dateModified\":\"2026-03-19T09:04:04+00:00\",\"breadcrumb\":{\"@id\":\"https:\\\/\\\/staging.silkandmore.eu\\\/fr\\\/a-propos-de-nous\\\/#breadcrumb\"},\"inLanguage\":\"fr-FR\",\"potentialAction\":[{\"@type\":\"ReadAction\",\"target\":[\"https:\\\/\\\/staging.silkandmore.eu\\\/fr\\\/a-propos-de-nous\\\/\"]}]},{\"@type\":\"BreadcrumbList\",\"@id\":\"https:\\\/\\\/staging.silkandmore.eu\\\/fr\\\/a-propos-de-nous\\\/#breadcrumb\",\"itemListElement\":[{\"@type\":\"ListItem\",\"position\":1,\"name\":\"Home\",\"item\":\"https:\\\/\\\/staging.silkandmore.eu\\\/fr\\\/\"},{\"@type\":\"ListItem\",\"position\":2,\"name\":\"\u00c0 propos de nous\"}]},{\"@type\":\"WebSite\",\"@id\":\"https:\\\/\\\/staging.silkandmore.eu\\\/fr\\\/#website\",\"url\":\"https:\\\/\\\/staging.silkandmore.eu\\\/fr\\\/\",\"name\":\"Silk and More\",\"description\":\"Italian Luxury Fabrics\",\"publisher\":{\"@id\":\"https:\\\/\\\/staging.silkandmore.eu\\\/fr\\\/#organization\"},\"potentialAction\":[{\"@type\":\"SearchAction\",\"target\":{\"@type\":\"EntryPoint\",\"urlTemplate\":\"https:\\\/\\\/staging.silkandmore.eu\\\/fr\\\/?s={search_term_string}\"},\"query-input\":{\"@type\":\"PropertyValueSpecification\",\"valueRequired\":true,\"valueName\":\"search_term_string\"}}],\"inLanguage\":\"fr-FR\"},{\"@type\":\"Organization\",\"@id\":\"https:\\\/\\\/staging.silkandmore.eu\\\/fr\\\/#organization\",\"name\":\"Silk and More\",\"url\":\"https:\\\/\\\/staging.silkandmore.eu\\\/fr\\\/\",\"logo\":{\"@type\":\"ImageObject\",\"inLanguage\":\"fr-FR\",\"@id\":\"https:\\\/\\\/staging.silkandmore.eu\\\/fr\\\/#\\\/schema\\\/logo\\\/image\\\/\",\"url\":\"https:\\\/\\\/staging.silkandmore.eu\\\/wp-content\\\/uploads\\\/2026\\\/03\\\/logo_silkandmore.png\",\"contentUrl\":\"https:\\\/\\\/staging.silkandmore.eu\\\/wp-content\\\/uploads\\\/2026\\\/03\\\/logo_silkandmore.png\",\"width\":1355,\"height\":526,\"caption\":\"Silk and More\"},\"image\":{\"@id\":\"https:\\\/\\\/staging.silkandmore.eu\\\/fr\\\/#\\\/schema\\\/logo\\\/image\\\/\"},\"sameAs\":[\"https:\\\/\\\/www.facebook.com\\\/profile.php?id=61557150906741\",\"https:\\\/\\\/www.instagram.com\\\/silkandmore_como?igsh=ZDE1MWVjZGVmZQ==\",\"https:\\\/\\\/youtube.com\\\/@silkandmore-mf9un?si=dHZDiu323UzQBa4Y\"]}]}<\/script>\n<!-- \/ Yoast SEO plugin. -->","yoast_head_json":{"title":"\u00c0 propos de nous - Silk and More","robots":{"index":"noindex","follow":"follow","max-snippet":"max-snippet:-1","max-image-preview":"max-image-preview:large","max-video-preview":"max-video-preview:-1"},"og_locale":"fr_FR","og_type":"article","og_title":"\u00c0 propos de nous - Silk and More","og_description":"Nous sommes une \u00e9quipe de plusieurs personnes qui travaillent dans le secteur textile depuis 1999, avec une longue exp\u00e9rience professionnelle et des relations solides avec les fournisseurs et les repr\u00e9sentants de l&rsquo;excellence du made in Italy de Como. Nos bureaux se trouvent \u00e0 Milan et \u00e0 Casnate, dans la province de Como, o\u00f9 nous disposons [&hellip;]","og_url":"https:\/\/staging.silkandmore.eu\/fr\/a-propos-de-nous\/","og_site_name":"Silk and More","article_publisher":"https:\/\/www.facebook.com\/profile.php?id=61557150906741","article_modified_time":"2026-03-19T09:04:04+00:00","twitter_card":"summary_large_image","twitter_misc":{"Dur\u00e9e de lecture estim\u00e9e":"2 minutes"},"schema":{"@context":"https:\/\/schema.org","@graph":[{"@type":"WebPage","@id":"https:\/\/staging.silkandmore.eu\/fr\/a-propos-de-nous\/","url":"https:\/\/staging.silkandmore.eu\/fr\/a-propos-de-nous\/","name":"\u00c0 propos de nous - Silk and More","isPartOf":{"@id":"https:\/\/staging.silkandmore.eu\/fr\/#website"},"datePublished":"2026-02-12T17:28:13+00:00","dateModified":"2026-03-19T09:04:04+00:00","breadcrumb":{"@id":"https:\/\/staging.silkandmore.eu\/fr\/a-propos-de-nous\/#breadcrumb"},"inLanguage":"fr-FR","potentialAction":[{"@type":"ReadAction","target":["https:\/\/staging.silkandmore.eu\/fr\/a-propos-de-nous\/"]}]},{"@type":"BreadcrumbList","@id":"https:\/\/staging.silkandmore.eu\/fr\/a-propos-de-nous\/#breadcrumb","itemListElement":[{"@type":"ListItem","position":1,"name":"Home","item":"https:\/\/staging.silkandmore.eu\/fr\/"},{"@type":"ListItem","position":2,"name":"\u00c0 propos de nous"}]},{"@type":"WebSite","@id":"https:\/\/staging.silkandmore.eu\/fr\/#website","url":"https:\/\/staging.silkandmore.eu\/fr\/","name":"Silk and More","description":"Italian Luxury Fabrics","publisher":{"@id":"https:\/\/staging.silkandmore.eu\/fr\/#organization"},"potentialAction":[{"@type":"SearchAction","target":{"@type":"EntryPoint","urlTemplate":"https:\/\/staging.silkandmore.eu\/fr\/?s={search_term_string}"},"query-input":{"@type":"PropertyValueSpecification","valueRequired":true,"valueName":"search_term_string"}}],"inLanguage":"fr-FR"},{"@type":"Organization","@id":"https:\/\/staging.silkandmore.eu\/fr\/#organization","name":"Silk and More","url":"https:\/\/staging.silkandmore.eu\/fr\/","logo":{"@type":"ImageObject","inLanguage":"fr-FR","@id":"https:\/\/staging.silkandmore.eu\/fr\/#\/schema\/logo\/image\/","url":"https:\/\/staging.silkandmore.eu\/wp-content\/uploads\/2026\/03\/logo_silkandmore.png","contentUrl":"https:\/\/staging.silkandmore.eu\/wp-content\/uploads\/2026\/03\/logo_silkandmore.png","width":1355,"height":526,"caption":"Silk and More"},"image":{"@id":"https:\/\/staging.silkandmore.eu\/fr\/#\/schema\/logo\/image\/"},"sameAs":["https:\/\/www.facebook.com\/profile.php?id=61557150906741","https:\/\/www.instagram.com\/silkandmore_como?igsh=ZDE1MWVjZGVmZQ==","https:\/\/youtube.com\/@silkandmore-mf9un?si=dHZDiu323UzQBa4Y"]}]}},"jetpack_sharing_enabled":true,"jetpack-related-posts":[{"id":1576,"url":"https:\/\/staging.silkandmore.eu\/fr\/notre-philosophie\/","url_meta":{"origin":1546,"position":0},"title":"Philosophie","author":"samretweb","date":"12 f\u00e9vrier 2026","format":false,"excerpt":"Associer la haute couture \u00e0 la durabilit\u00e9 et \u00e0 l'engagement environnemental a toujours \u00e9t\u00e9 au c\u0153ur de notre mod\u00e8le d'entreprise. Nous disposons d'une \u00e9quipe de vendeurs et de chercheurs qui se qui se consacrent quotidiennement a une s\u00e9lection et \u00e0 une recherche minutieuses, presque maniaques, de tissus, de soies et\u2026","rel":"","context":"Article similaire","block_context":{"text":"Article similaire","link":""},"img":{"alt_text":"","src":"","width":0,"height":0},"classes":[]},{"id":1986,"url":"https:\/\/staging.silkandmore.eu\/fr\/","url_meta":{"origin":1546,"position":1},"title":"Home Page FR","author":"samretweb","date":"20 mars 2026","format":false,"excerpt":"D\u00e9couvrez une s\u00e9lection exclusive de tissus haut de gamme, choisis parmi les meilleurs fabricants italiens et internationaux. Des soies fines aux cotons, laines et imprim\u00e9s raffin\u00e9s, chaque pi\u00e8ce de notre collection allie style, recherche et tradition textile. Id\u00e9aux pour des cr\u00e9ations sur mesure uniques, nos tissus sont con\u00e7us pour inspirer\u2026","rel":"","context":"Article similaire","block_context":{"text":"Article similaire","link":""},"img":{"alt_text":"","src":"https:\/\/i0.wp.com\/staging.silkandmore.eu\/wp-content\/uploads\/2026\/02\/xTNvMW2BuLVAVZYWP53v-1024x677.jpeg?resize=350%2C200&ssl=1","width":350,"height":200,"srcset":"https:\/\/i0.wp.com\/staging.silkandmore.eu\/wp-content\/uploads\/2026\/02\/xTNvMW2BuLVAVZYWP53v-1024x677.jpeg?resize=350%2C200&ssl=1 1x, https:\/\/i0.wp.com\/staging.silkandmore.eu\/wp-content\/uploads\/2026\/02\/xTNvMW2BuLVAVZYWP53v-1024x677.jpeg?resize=525%2C300&ssl=1 1.5x, https:\/\/i0.wp.com\/staging.silkandmore.eu\/wp-content\/uploads\/2026\/02\/xTNvMW2BuLVAVZYWP53v-1024x677.jpeg?resize=700%2C400&ssl=1 2x"},"classes":[]},{"id":1551,"url":"https:\/\/staging.silkandmore.eu\/en\/our-philosophy\/","url_meta":{"origin":1546,"position":2},"title":"Mission","author":"samretweb","date":"12 f\u00e9vrier 2026","format":false,"excerpt":"The heart of our business mode have always been to combine high fashion with sustainability and environmental commitmen. Our sellers and researchers are daily engaged in a careful, almost obsessive selection and research of fine, high-quality fabrics, silks, prints, all made in Italy and in line with the latest trends.\u2026","rel":"","context":"Article similaire","block_context":{"text":"Article similaire","link":""},"img":{"alt_text":"","src":"","width":0,"height":0},"classes":[]},{"id":1511,"url":"https:\/\/staging.silkandmore.eu\/fr\/validation-de-la-commande\/","url_meta":{"origin":1546,"position":3},"title":"Validation de la commande","author":"samretweb","date":"11 f\u00e9vrier 2026","format":false,"excerpt":"","rel":"","context":"Article similaire","block_context":{"text":"Article similaire","link":""},"img":{"alt_text":"","src":"","width":0,"height":0},"classes":[]},{"id":1558,"url":"https:\/\/staging.silkandmore.eu\/fr\/garantie-de-reprise\/","url_meta":{"origin":1546,"position":4},"title":"Garantie de reprise","author":"samretweb","date":"11 f\u00e9vrier 2026","format":false,"excerpt":"","rel":"","context":"Article similaire","block_context":{"text":"Article similaire","link":""},"img":{"alt_text":"","src":"","width":0,"height":0},"classes":[]},{"id":1529,"url":"https:\/\/staging.silkandmore.eu\/en\/about-us\/","url_meta":{"origin":1546,"position":5},"title":"About Us","author":"samretweb","date":"12 f\u00e9vrier 2026","format":false,"excerpt":"We are a team of people who have been working in the textile industry since 1999, with long professional experience and consolidated relationships with suppliers and representatives of Made in Italy in Como . Our offices and warehouse are in Milan and Casnate, province of Como, where you can come\u2026","rel":"","context":"Article similaire","block_context":{"text":"Article similaire","link":""},"img":{"alt_text":"","src":"","width":0,"height":0},"classes":[]}],"_links":{"self":[{"href":"https:\/\/staging.silkandmore.eu\/fr\/wp-json\/wp\/v2\/pages\/1546","targetHints":{"allow":["GET"]}}],"collection":[{"href":"https:\/\/staging.silkandmore.eu\/fr\/wp-json\/wp\/v2\/pages"}],"about":[{"href":"https:\/\/staging.silkandmore.eu\/fr\/wp-json\/wp\/v2\/types\/page"}],"author":[{"embeddable":true,"href":"https:\/\/staging.silkandmore.eu\/fr\/wp-json\/wp\/v2\/users\/1"}],"replies":[{"embeddable":true,"href":"https:\/\/staging.silkandmore.eu\/fr\/wp-json\/wp\/v2\/comments?post=1546"}],"version-history":[{"count":1,"href":"https:\/\/staging.silkandmore.eu\/fr\/wp-json\/wp\/v2\/pages\/1546\/revisions"}],"predecessor-version":[{"id":1548,"href":"https:\/\/staging.silkandmore.eu\/fr\/wp-json\/wp\/v2\/pages\/1546\/revisions\/1548"}],"wp:attachment":[{"href":"https:\/\/staging.silkandmore.eu\/fr\/wp-json\/wp\/v2\/media?parent=1546"}],"curies":[{"name":"wp","href":"https:\/\/api.w.org\/{rel}","templated":true}]}}