{"id":1985,"date":"2026-03-20T10:24:03","date_gmt":"2026-03-20T10:24:03","guid":{"rendered":"https:\/\/staging.silkandmore.eu\/home-page\/"},"modified":"2026-03-24T18:32:03","modified_gmt":"2026-03-24T18:32:03","slug":"home-page","status":"publish","type":"page","link":"https:\/\/staging.silkandmore.eu\/en\/","title":{"rendered":"Home Page EN"},"content":{"rendered":"\n<main class=\"wp-block-group is-layout-flow wp-container-core-group-is-layout-f3c7fa73 wp-block-group-is-layout-flow\" style=\"padding-top:0;padding-bottom:0\">\n<div class=\"wp-block-group alignwide is-layout-flow wp-container-core-group-is-layout-a77db08e wp-block-group-is-layout-flow\" style=\"border-top-left-radius:0.5rem;border-top-right-radius:0.5rem;border-bottom-left-radius:0.5rem;border-bottom-right-radius:0.5rem\">\n<div class=\"wp-block-cover aligncenter\" style=\"padding-top:var(--wp--preset--spacing--50);padding-right:var(--wp--preset--spacing--40);padding-bottom:var(--wp--preset--spacing--50);padding-left:var(--wp--preset--spacing--40);min-height:60.1vh;aspect-ratio:unset;\"><img loading=\"lazy\" decoding=\"async\" width=\"1024\" height=\"677\" class=\"wp-block-cover__image-background wp-image-239 size-large\" alt=\"\" src=\"https:\/\/staging.silkandmore.eu\/wp-content\/uploads\/2026\/02\/xTNvMW2BuLVAVZYWP53v-1024x677.jpeg\" data-object-fit=\"cover\" srcset=\"https:\/\/staging.silkandmore.eu\/wp-content\/uploads\/2026\/02\/xTNvMW2BuLVAVZYWP53v-1024x677.jpeg 1024w, https:\/\/staging.silkandmore.eu\/wp-content\/uploads\/2026\/02\/xTNvMW2BuLVAVZYWP53v-scaled-600x397.jpeg 600w, https:\/\/staging.silkandmore.eu\/wp-content\/uploads\/2026\/02\/xTNvMW2BuLVAVZYWP53v-300x198.jpeg 300w, https:\/\/staging.silkandmore.eu\/wp-content\/uploads\/2026\/02\/xTNvMW2BuLVAVZYWP53v-768x507.jpeg 768w, https:\/\/staging.silkandmore.eu\/wp-content\/uploads\/2026\/02\/xTNvMW2BuLVAVZYWP53v-1536x1015.jpeg 1536w, https:\/\/staging.silkandmore.eu\/wp-content\/uploads\/2026\/02\/xTNvMW2BuLVAVZYWP53v-2048x1353.jpeg 2048w\" sizes=\"auto, (max-width: 1024px) 100vw, 1024px\" \/><span aria-hidden=\"true\" class=\"wp-block-cover__background has-contrast-background-color has-background-dim\"><\/span><div class=\"wp-block-cover__inner-container has-global-padding is-layout-constrained wp-container-core-cover-is-layout-18f217b3 wp-block-cover-is-layout-constrained\">\n<div class=\"wp-block-group alignwide has-global-padding is-content-justification-left is-layout-constrained wp-container-core-group-is-layout-2f10d636 wp-block-group-is-layout-constrained\">\n<h2 class=\"wp-block-heading has-text-align-left\" style=\"line-height:1\">S.A.M. Silk Collection<\/h2>\n\n\n\n<p style=\"line-height:1\">The exclusive Silk and More fabric line<\/p>\n\n\n\n<div class=\"wp-block-buttons is-content-justification-left is-layout-flex wp-container-core-buttons-is-layout-fc4fd283 wp-block-buttons-is-layout-flex\">\n<div class=\"wp-block-button is-style-outline is-style-outline--1\"><a class=\"wp-block-button__link has-custom-nero-60-background-color has-background wp-element-button\" href=\"https:\/\/staging.silkandmore.eu\/en\/catalog\/category\/jacquard\/\" style=\"border-top-left-radius:0.5rem;border-top-right-radius:0.5rem;border-bottom-left-radius:0.5rem;border-bottom-right-radius:0.5rem\">More<\/a><\/div>\n<\/div>\n<\/div>\n<\/div><\/div>\n<\/div>\n\n\n\n<div class=\"wp-block-group alignwide has-global-padding is-layout-constrained wp-container-core-group-is-layout-b2fcfe99 wp-block-group-is-layout-constrained\" style=\"border-top-left-radius:0.5rem;border-top-right-radius:0.5rem;border-bottom-left-radius:0.5rem;border-bottom-right-radius:0.5rem;padding-top:var(--wp--preset--spacing--40);padding-right:0;padding-bottom:var(--wp--preset--spacing--40);padding-left:0\">\n<div class=\"wp-block-group alignwide is-vertical is-content-justification-left is-nowrap is-layout-flex wp-container-core-group-is-layout-9bf40c7b wp-block-group-is-layout-flex\" style=\"margin-top:0;margin-bottom:0;padding-top:var(--wp--preset--spacing--30);padding-right:0;padding-bottom:var(--wp--preset--spacing--30);padding-left:0\">\n<div style=\"height:calc( 0.25 * var(--wp--style--root--padding-right, var(--wp--custom--gap--horizontal)));width:0px\" aria-hidden=\"true\" class=\"wp-block-spacer wp-container-content-ff24c794\"><\/div>\n\n\n\n<div class=\"wp-block-columns is-layout-flex wp-container-core-columns-is-layout-fff3c045 wp-block-columns-is-layout-flex\" style=\"padding-right:0;padding-left:0\">\n<div class=\"wp-block-column is-layout-flow wp-container-core-column-is-layout-fd134cff wp-block-column-is-layout-flow\" style=\"padding-right:0;padding-left:0;flex-basis:100%\"><div data-block-name=\"woocommerce\/featured-category\" data-category-id=\"278\" data-dim-ratio=\"30\" data-style=\"{&quot;border&quot;:{&quot;radius&quot;:{&quot;topLeft&quot;:&quot;0.5rem&quot;,&quot;topRight&quot;:&quot;0.5rem&quot;,&quot;bottomLeft&quot;:&quot;0.5rem&quot;,&quot;bottomRight&quot;:&quot;0.5rem&quot;}},&quot;spacing&quot;:{&quot;padding&quot;:{&quot;right&quot;:&quot;0&quot;,&quot;left&quot;:&quot;0&quot;}}}\" class=\"wc-block-featured-category alignnone has-background-dim has-background-dim-30 wp-block-woocommerce-featured-category\" style=\"min-height:500px;border-top-left-radius:0.5rem;border-top-right-radius:0.5rem;border-bottom-right-radius:0.5rem;border-bottom-left-radius:0.5rem; padding-right:0;padding-left:0;\"><div class=\"wc-block-featured-category__wrapper\"><div class=\"background-dim__overlay\" style=\"background-color: #000000\"><\/div><img decoding=\"async\" alt=\"Jacquard\" class=\"wc-block-featured-category__background-image\" src=\"https:\/\/staging.silkandmore.eu\/wp-content\/uploads\/2026\/02\/awDnsBN8DW9PfQ8c5mwp-1024x771.jpeg\" style=\"object-fit: none;object-position: 50% 50%;\" \/><div class=\"wc-block-featured-category__inner-blocks\">\n<h2 data-block-name=\"woocommerce\/category-title\" data-text-align=\"center\" class=\"has-text-align-center wp-block-woocommerce-category-title\">Jacquard<\/h2>\n\n<div data-block-name=\"woocommerce\/category-description\" data-text-align=\"center\" class=\"has-text-align-center wp-block-woocommerce-category-description\"><p>Lavorazioni pregiate con disegni intrecciati nella trama del tessuto.<\/p>\n<\/div>\n\n\n<div class=\"wp-block-buttons is-content-justification-center is-layout-flex wp-container-core-buttons-is-layout-a89b3969 wp-block-buttons-is-layout-flex\">\n<div class=\"wp-block-button is-style-outline is-style-outline--2\"><a class=\"wp-block-button__link has-custom-nero-60-background-color has-background wp-element-button\" href=\"https:\/\/staging.silkandmore.eu\/en\/catalog\/category\/jacquard\/\" style=\"border-top-left-radius:0.5rem;border-top-right-radius:0.5rem;border-bottom-left-radius:0.5rem;border-bottom-right-radius:0.5rem\">Buy now<\/a><\/div>\n<\/div>\n\n<\/div><\/div><\/div><\/div>\n\n\n\n<div class=\"wp-block-column is-layout-flow wp-block-column-is-layout-flow\" style=\"flex-basis:100%\"><\/div>\n<\/div>\n<\/div>\n\n\n\n<div class=\"wp-block-group alignwide is-vertical is-content-justification-left is-nowrap is-layout-flex wp-container-core-group-is-layout-0b7dbf37 wp-block-group-is-layout-flex\" style=\"padding-top:var(--wp--preset--spacing--30);padding-bottom:var(--wp--preset--spacing--30)\">\n<div style=\"height:0px\" aria-hidden=\"true\" class=\"wp-block-spacer wp-container-content-ff24c794\"><\/div>\n\n\n\n<div class=\"wp-block-columns is-layout-flex wp-container-core-columns-is-layout-cbe57604 wp-block-columns-is-layout-flex\">\n<div class=\"wp-block-column is-layout-flow wp-block-column-is-layout-flow\" style=\"flex-basis:100%\"><\/div>\n\n\n\n<div class=\"wp-block-column is-layout-flow wp-block-column-is-layout-flow\" style=\"flex-basis:100%\"><\/div>\n<\/div>\n<\/div>\n<\/div>\n\n\n\n<div class=\"wp-block-group alignwide has-global-padding is-layout-constrained wp-container-core-group-is-layout-e3f262ed wp-block-group-is-layout-constrained\" style=\"border-top-left-radius:0.5rem;border-top-right-radius:0.5rem;border-bottom-left-radius:0.5rem;border-bottom-right-radius:0.5rem;padding-top:0;padding-bottom:0\">\n<div class=\"wp-block-group alignfull has-global-padding is-content-justification-center is-layout-constrained wp-container-core-group-is-layout-49a5e8a0 wp-block-group-is-layout-constrained\" style=\"margin-top:0;margin-bottom:0;padding-top:calc( 0.5 * var(--wp--style--root--padding-right, var(--wp--custom--gap--horizontal)));padding-right:var(--wp--style--root--padding-right, var(--wp--custom--gap--horizontal));padding-bottom:calc( 0.5 * var(--wp--style--root--padding-right, var(--wp--custom--gap--horizontal)));padding-left:var(--wp--style--root--padding-left, var(--wp--custom--gap--horizontal))\">\n<h3 class=\"wp-block-heading alignwide\">Latest arrivals<\/h3>\n\n\n\n\n\n\n\n<div style=\"height:calc( 0.25 * var(--wp--style--root--padding-right, var(--wp--custom--gap--horizontal)))\" aria-hidden=\"true\" class=\"wp-block-spacer\"><\/div>\n<\/div>\n<\/div>\n<\/main>\n","protected":false},"excerpt":{"rendered":"<p>Discover an exclusive selection of high-quality fabrics, chosen from the finest Italian and international manufacturers. From fine silks to cottons, wools, and sophisticated prints, each offering combines style, research, and textile tradition. Ideal for unique tailored creations, our fabrics are designed to inspire and enhance every project.<\/p>\n","protected":false},"author":1,"featured_media":0,"parent":0,"menu_order":0,"comment_status":"closed","ping_status":"closed","template":"","meta":{"_eb_attr":"","jetpack_post_was_ever_published":false,"footnotes":""},"class_list":["post-1985","page","type-page","status-publish","hentry"],"yoast_head":"<!-- This site is optimized with the Yoast SEO plugin v27.4 - https:\/\/yoast.com\/product\/yoast-seo-wordpress\/ -->\n<title>Home Page EN - Silk and More<\/title>\n<meta name=\"robots\" content=\"noindex, follow, max-snippet:-1, max-image-preview:large, max-video-preview:-1\" \/>\n<meta property=\"og:locale\" content=\"en_US\" \/>\n<meta property=\"og:type\" content=\"article\" \/>\n<meta property=\"og:title\" content=\"Home Page EN - Silk and More\" \/>\n<meta property=\"og:description\" content=\"Discover an exclusive selection of high-quality fabrics, chosen from the finest Italian and international manufacturers. From fine silks to cottons, wools, and sophisticated prints, each offering combines style, research, and textile tradition. Ideal for unique tailored creations, our fabrics are designed to inspire and enhance every project.\" \/>\n<meta property=\"og:url\" content=\"https:\/\/staging.silkandmore.eu\/en\/\" \/>\n<meta property=\"og:site_name\" content=\"Silk and More\" \/>\n<meta property=\"article:publisher\" content=\"https:\/\/www.facebook.com\/profile.php?id=61557150906741\" \/>\n<meta property=\"article:modified_time\" content=\"2026-03-24T18:32:03+00:00\" \/>\n<meta property=\"og:image\" content=\"https:\/\/staging.silkandmore.eu\/wp-content\/uploads\/2026\/02\/xTNvMW2BuLVAVZYWP53v-scaled.jpeg\" \/>\n\t<meta property=\"og:image:width\" content=\"2560\" \/>\n\t<meta property=\"og:image:height\" content=\"1692\" \/>\n\t<meta property=\"og:image:type\" content=\"image\/jpeg\" \/>\n<meta name=\"twitter:card\" content=\"summary_large_image\" \/>\n<meta name=\"twitter:label1\" content=\"Est. reading time\" \/>\n\t<meta name=\"twitter:data1\" content=\"1 minute\" \/>\n<script type=\"application\/ld+json\" class=\"yoast-schema-graph\">{\"@context\":\"https:\\\/\\\/schema.org\",\"@graph\":[{\"@type\":\"WebPage\",\"@id\":\"https:\\\/\\\/staging.silkandmore.eu\\\/en\\\/\",\"url\":\"https:\\\/\\\/staging.silkandmore.eu\\\/en\\\/\",\"name\":\"Home Page EN - Silk and More\",\"isPartOf\":{\"@id\":\"https:\\\/\\\/staging.silkandmore.eu\\\/en\\\/#website\"},\"primaryImageOfPage\":{\"@id\":\"https:\\\/\\\/staging.silkandmore.eu\\\/en\\\/#primaryimage\"},\"image\":{\"@id\":\"https:\\\/\\\/staging.silkandmore.eu\\\/en\\\/#primaryimage\"},\"thumbnailUrl\":\"https:\\\/\\\/staging.silkandmore.eu\\\/wp-content\\\/uploads\\\/2026\\\/02\\\/xTNvMW2BuLVAVZYWP53v-1024x677.jpeg\",\"datePublished\":\"2026-03-20T10:24:03+00:00\",\"dateModified\":\"2026-03-24T18:32:03+00:00\",\"breadcrumb\":{\"@id\":\"https:\\\/\\\/staging.silkandmore.eu\\\/en\\\/#breadcrumb\"},\"inLanguage\":\"en-US\",\"potentialAction\":[{\"@type\":\"ReadAction\",\"target\":[\"https:\\\/\\\/staging.silkandmore.eu\\\/en\\\/\"]}]},{\"@type\":\"ImageObject\",\"inLanguage\":\"en-US\",\"@id\":\"https:\\\/\\\/staging.silkandmore.eu\\\/en\\\/#primaryimage\",\"url\":\"https:\\\/\\\/staging.silkandmore.eu\\\/wp-content\\\/uploads\\\/2026\\\/02\\\/xTNvMW2BuLVAVZYWP53v-1024x677.jpeg\",\"contentUrl\":\"https:\\\/\\\/staging.silkandmore.eu\\\/wp-content\\\/uploads\\\/2026\\\/02\\\/xTNvMW2BuLVAVZYWP53v-1024x677.jpeg\"},{\"@type\":\"BreadcrumbList\",\"@id\":\"https:\\\/\\\/staging.silkandmore.eu\\\/en\\\/#breadcrumb\",\"itemListElement\":[{\"@type\":\"ListItem\",\"position\":1,\"name\":\"Home\",\"item\":\"https:\\\/\\\/staging.silkandmore.eu\\\/en\\\/\"},{\"@type\":\"ListItem\",\"position\":2,\"name\":\"Home Page EN\"}]},{\"@type\":\"WebSite\",\"@id\":\"https:\\\/\\\/staging.silkandmore.eu\\\/en\\\/#website\",\"url\":\"https:\\\/\\\/staging.silkandmore.eu\\\/en\\\/\",\"name\":\"Silk and More\",\"description\":\"Italian Luxury Fabrics\",\"publisher\":{\"@id\":\"https:\\\/\\\/staging.silkandmore.eu\\\/en\\\/#organization\"},\"potentialAction\":[{\"@type\":\"SearchAction\",\"target\":{\"@type\":\"EntryPoint\",\"urlTemplate\":\"https:\\\/\\\/staging.silkandmore.eu\\\/en\\\/?s={search_term_string}\"},\"query-input\":{\"@type\":\"PropertyValueSpecification\",\"valueRequired\":true,\"valueName\":\"search_term_string\"}}],\"inLanguage\":\"en-US\"},{\"@type\":\"Organization\",\"@id\":\"https:\\\/\\\/staging.silkandmore.eu\\\/en\\\/#organization\",\"name\":\"Silk and More\",\"url\":\"https:\\\/\\\/staging.silkandmore.eu\\\/en\\\/\",\"logo\":{\"@type\":\"ImageObject\",\"inLanguage\":\"en-US\",\"@id\":\"https:\\\/\\\/staging.silkandmore.eu\\\/en\\\/#\\\/schema\\\/logo\\\/image\\\/\",\"url\":\"https:\\\/\\\/staging.silkandmore.eu\\\/wp-content\\\/uploads\\\/2026\\\/03\\\/logo_silkandmore.png\",\"contentUrl\":\"https:\\\/\\\/staging.silkandmore.eu\\\/wp-content\\\/uploads\\\/2026\\\/03\\\/logo_silkandmore.png\",\"width\":1355,\"height\":526,\"caption\":\"Silk and More\"},\"image\":{\"@id\":\"https:\\\/\\\/staging.silkandmore.eu\\\/en\\\/#\\\/schema\\\/logo\\\/image\\\/\"},\"sameAs\":[\"https:\\\/\\\/www.facebook.com\\\/profile.php?id=61557150906741\",\"https:\\\/\\\/www.instagram.com\\\/silkandmore_como?igsh=ZDE1MWVjZGVmZQ==\",\"https:\\\/\\\/youtube.com\\\/@silkandmore-mf9un?si=dHZDiu323UzQBa4Y\"]}]}<\/script>\n<!-- \/ Yoast SEO plugin. -->","yoast_head_json":{"title":"Home Page EN - Silk and More","robots":{"index":"noindex","follow":"follow","max-snippet":"max-snippet:-1","max-image-preview":"max-image-preview:large","max-video-preview":"max-video-preview:-1"},"og_locale":"en_US","og_type":"article","og_title":"Home Page EN - Silk and More","og_description":"Discover an exclusive selection of high-quality fabrics, chosen from the finest Italian and international manufacturers. From fine silks to cottons, wools, and sophisticated prints, each offering combines style, research, and textile tradition. Ideal for unique tailored creations, our fabrics are designed to inspire and enhance every project.","og_url":"https:\/\/staging.silkandmore.eu\/en\/","og_site_name":"Silk and More","article_publisher":"https:\/\/www.facebook.com\/profile.php?id=61557150906741","article_modified_time":"2026-03-24T18:32:03+00:00","og_image":[{"width":2560,"height":1692,"url":"https:\/\/staging.silkandmore.eu\/wp-content\/uploads\/2026\/02\/xTNvMW2BuLVAVZYWP53v-scaled.jpeg","type":"image\/jpeg"}],"twitter_card":"summary_large_image","twitter_misc":{"Est. reading time":"1 minute"},"schema":{"@context":"https:\/\/schema.org","@graph":[{"@type":"WebPage","@id":"https:\/\/staging.silkandmore.eu\/en\/","url":"https:\/\/staging.silkandmore.eu\/en\/","name":"Home Page EN - Silk and More","isPartOf":{"@id":"https:\/\/staging.silkandmore.eu\/en\/#website"},"primaryImageOfPage":{"@id":"https:\/\/staging.silkandmore.eu\/en\/#primaryimage"},"image":{"@id":"https:\/\/staging.silkandmore.eu\/en\/#primaryimage"},"thumbnailUrl":"https:\/\/staging.silkandmore.eu\/wp-content\/uploads\/2026\/02\/xTNvMW2BuLVAVZYWP53v-1024x677.jpeg","datePublished":"2026-03-20T10:24:03+00:00","dateModified":"2026-03-24T18:32:03+00:00","breadcrumb":{"@id":"https:\/\/staging.silkandmore.eu\/en\/#breadcrumb"},"inLanguage":"en-US","potentialAction":[{"@type":"ReadAction","target":["https:\/\/staging.silkandmore.eu\/en\/"]}]},{"@type":"ImageObject","inLanguage":"en-US","@id":"https:\/\/staging.silkandmore.eu\/en\/#primaryimage","url":"https:\/\/staging.silkandmore.eu\/wp-content\/uploads\/2026\/02\/xTNvMW2BuLVAVZYWP53v-1024x677.jpeg","contentUrl":"https:\/\/staging.silkandmore.eu\/wp-content\/uploads\/2026\/02\/xTNvMW2BuLVAVZYWP53v-1024x677.jpeg"},{"@type":"BreadcrumbList","@id":"https:\/\/staging.silkandmore.eu\/en\/#breadcrumb","itemListElement":[{"@type":"ListItem","position":1,"name":"Home","item":"https:\/\/staging.silkandmore.eu\/en\/"},{"@type":"ListItem","position":2,"name":"Home Page EN"}]},{"@type":"WebSite","@id":"https:\/\/staging.silkandmore.eu\/en\/#website","url":"https:\/\/staging.silkandmore.eu\/en\/","name":"Silk and More","description":"Italian Luxury Fabrics","publisher":{"@id":"https:\/\/staging.silkandmore.eu\/en\/#organization"},"potentialAction":[{"@type":"SearchAction","target":{"@type":"EntryPoint","urlTemplate":"https:\/\/staging.silkandmore.eu\/en\/?s={search_term_string}"},"query-input":{"@type":"PropertyValueSpecification","valueRequired":true,"valueName":"search_term_string"}}],"inLanguage":"en-US"},{"@type":"Organization","@id":"https:\/\/staging.silkandmore.eu\/en\/#organization","name":"Silk and More","url":"https:\/\/staging.silkandmore.eu\/en\/","logo":{"@type":"ImageObject","inLanguage":"en-US","@id":"https:\/\/staging.silkandmore.eu\/en\/#\/schema\/logo\/image\/","url":"https:\/\/staging.silkandmore.eu\/wp-content\/uploads\/2026\/03\/logo_silkandmore.png","contentUrl":"https:\/\/staging.silkandmore.eu\/wp-content\/uploads\/2026\/03\/logo_silkandmore.png","width":1355,"height":526,"caption":"Silk and More"},"image":{"@id":"https:\/\/staging.silkandmore.eu\/en\/#\/schema\/logo\/image\/"},"sameAs":["https:\/\/www.facebook.com\/profile.php?id=61557150906741","https:\/\/www.instagram.com\/silkandmore_como?igsh=ZDE1MWVjZGVmZQ==","https:\/\/youtube.com\/@silkandmore-mf9un?si=dHZDiu323UzQBa4Y"]}]}},"jetpack_sharing_enabled":true,"jetpack-related-posts":[{"id":1529,"url":"https:\/\/staging.silkandmore.eu\/en\/about-us\/","url_meta":{"origin":1985,"position":0},"title":"About Us","author":"samretweb","date":"February 12, 2026","format":false,"excerpt":"We are a team of people who have been working in the textile industry since 1999, with long professional experience and consolidated relationships with suppliers and representatives of Made in Italy in Como . Our offices and warehouse are in Milan and Casnate, province of Como, where you can come\u2026","rel":"","context":"Similar post","block_context":{"text":"Similar post","link":""},"img":{"alt_text":"","src":"","width":0,"height":0},"classes":[]},{"id":1551,"url":"https:\/\/staging.silkandmore.eu\/en\/our-philosophy\/","url_meta":{"origin":1985,"position":1},"title":"Mission","author":"samretweb","date":"February 12, 2026","format":false,"excerpt":"The heart of our business mode have always been to combine high fashion with sustainability and environmental commitmen. Our sellers and researchers are daily engaged in a careful, almost obsessive selection and research of fine, high-quality fabrics, silks, prints, all made in Italy and in line with the latest trends.\u2026","rel":"","context":"Similar post","block_context":{"text":"Similar post","link":""},"img":{"alt_text":"","src":"","width":0,"height":0},"classes":[]},{"id":3129,"url":"https:\/\/staging.silkandmore.eu\/contatti\/","url_meta":{"origin":1985,"position":2},"title":"Contatti","author":"samretweb","date":"April 2, 2026","format":false,"excerpt":"Hai domande sui nostri tessuti o desideri maggiori informazioni? Siamo a tua disposizione per supportarti nella scelta e rispondere a ogni richiesta. Compila il form e ti risponderemo il prima possibile. Dove siamo Silk and More di Alberto Veralli info@silkandmore.eu Via Monte Rosa 21Milano, MI - ITALY 20149 Scrivi qui\u2026","rel":"","context":"Similar post","block_context":{"text":"Similar post","link":""},"img":{"alt_text":"","src":"","width":0,"height":0},"classes":[]},{"id":1986,"url":"https:\/\/staging.silkandmore.eu\/fr\/home-page\/","url_meta":{"origin":1985,"position":3},"title":"Home Page FR","author":"samretweb","date":"March 20, 2026","format":false,"excerpt":"D\u00e9couvrez une s\u00e9lection exclusive de tissus haut de gamme, choisis parmi les meilleurs fabricants italiens et internationaux. Des soies fines aux cotons, laines et imprim\u00e9s raffin\u00e9s, chaque pi\u00e8ce de notre collection allie style, recherche et tradition textile. Id\u00e9aux pour des cr\u00e9ations sur mesure uniques, nos tissus sont con\u00e7us pour inspirer\u2026","rel":"","context":"Similar post","block_context":{"text":"Similar post","link":""},"img":{"alt_text":"","src":"https:\/\/i0.wp.com\/staging.silkandmore.eu\/wp-content\/uploads\/2026\/02\/xTNvMW2BuLVAVZYWP53v-1024x677.jpeg?resize=350%2C200&ssl=1","width":350,"height":200,"srcset":"https:\/\/i0.wp.com\/staging.silkandmore.eu\/wp-content\/uploads\/2026\/02\/xTNvMW2BuLVAVZYWP53v-1024x677.jpeg?resize=350%2C200&ssl=1 1x, https:\/\/i0.wp.com\/staging.silkandmore.eu\/wp-content\/uploads\/2026\/02\/xTNvMW2BuLVAVZYWP53v-1024x677.jpeg?resize=525%2C300&ssl=1 1.5x, https:\/\/i0.wp.com\/staging.silkandmore.eu\/wp-content\/uploads\/2026\/02\/xTNvMW2BuLVAVZYWP53v-1024x677.jpeg?resize=700%2C400&ssl=1 2x"},"classes":[]},{"id":1569,"url":"https:\/\/staging.silkandmore.eu\/en\/terms-and-conditions\/","url_meta":{"origin":1985,"position":4},"title":"Terms and Conditions","author":"samretweb","date":"February 12, 2026","format":false,"excerpt":"Questo documento, l\u2019informativa sulla Privacy e sui Cookies regolano l'offerta e la vendita dei prodotti (\"Prodotti\") sul seguente sito web: silkandmore.it (il \"Sito\").La informiamo che l\u2019utilizzo di questo sito web o la trasmissione di un ordine attraverso lo stesso, implica l\u2019accettazione di tali Condizioni e delle Politiche di Protezione dei\u2026","rel":"","context":"Similar post","block_context":{"text":"Similar post","link":""},"img":{"alt_text":"","src":"","width":0,"height":0},"classes":[]},{"id":1565,"url":"https:\/\/staging.silkandmore.eu\/en\/privacy-policy\/","url_meta":{"origin":1985,"position":5},"title":"Privacy Policy","author":"samretweb","date":"February 11, 2026","format":false,"excerpt":"Questo Sito Web raccoglie alcuni Dati Personali dei propri Utenti. TITOLARE DEL TRATTAMENTO DEI DATI Silk and More Sas di Verallii Alberto Giuseppe\u2028Via Monterosa 21, 20149 - Milano - ITALIA Indirizzo email del Titolare:\u00a0info@silkandmore.it TIPOLOGIE DI DATI RACCOLTI Fra i Dati Personali raccolti da questo Sito Web, in modo autonomo\u2026","rel":"","context":"Similar post","block_context":{"text":"Similar post","link":""},"img":{"alt_text":"","src":"","width":0,"height":0},"classes":[]}],"_links":{"self":[{"href":"https:\/\/staging.silkandmore.eu\/en\/wp-json\/wp\/v2\/pages\/1985","targetHints":{"allow":["GET"]}}],"collection":[{"href":"https:\/\/staging.silkandmore.eu\/en\/wp-json\/wp\/v2\/pages"}],"about":[{"href":"https:\/\/staging.silkandmore.eu\/en\/wp-json\/wp\/v2\/types\/page"}],"author":[{"embeddable":true,"href":"https:\/\/staging.silkandmore.eu\/en\/wp-json\/wp\/v2\/users\/1"}],"replies":[{"embeddable":true,"href":"https:\/\/staging.silkandmore.eu\/en\/wp-json\/wp\/v2\/comments?post=1985"}],"version-history":[{"count":17,"href":"https:\/\/staging.silkandmore.eu\/en\/wp-json\/wp\/v2\/pages\/1985\/revisions"}],"predecessor-version":[{"id":2293,"href":"https:\/\/staging.silkandmore.eu\/en\/wp-json\/wp\/v2\/pages\/1985\/revisions\/2293"}],"wp:attachment":[{"href":"https:\/\/staging.silkandmore.eu\/en\/wp-json\/wp\/v2\/media?parent=1985"}],"curies":[{"name":"wp","href":"https:\/\/api.w.org\/{rel}","templated":true}]}}