{"id":1551,"date":"2026-02-12T17:28:57","date_gmt":"2026-02-12T17:28:57","guid":{"rendered":"https:\/\/staging.silkandmore.eu\/our-philosophy\/"},"modified":"2026-03-24T18:03:50","modified_gmt":"2026-03-24T18:03:50","slug":"our-philosophy","status":"publish","type":"page","link":"https:\/\/staging.silkandmore.eu\/en\/our-philosophy\/","title":{"rendered":"Mission"},"content":{"rendered":"\n<p id=\"iv38h\">The heart of our business mode have always been to combine high fashion with sustainability and environmental commitmen.<\/p>\n\n<p id=\"izx3i\">Our sellers and researchers are daily engaged in a careful, almost obsessive selection and research of fine, high-quality fabrics, silks, prints, all made in Italy and in line with the latest trends. Our materials come from the overproduction of the largest textile industries of Como that work for the most famous brands and labels of Italian and international fashion. In this way the textile surplus of the most important Italian fashion houses is recovered and reintroduced into the production chain, transformed into a new resource, reducing environmental impact and waste.<\/p>\n\n<p id=\"iqmrd\">Our suppliers are only certified partners with whom we have been collaborating for over 20 years. We are talking about mostly prestigious Italian textile companies that operate in the Como area and which are a guarantee of quality and exclusivity. In fact, Made in Italy always remains the spearhead of our proposals.<\/p>\n\n<p id=\"i23ro\">Our goal is to enhance what large fashion companies are no longer able to use to create a new sustainable fashion channel, always high quality and cutting-edge, as much as classic fashionable, in order to create an economy perfect circularity and regenerate resources.<\/p>\n","protected":false},"excerpt":{"rendered":"<p>The heart of our business mode have always been to combine high fashion with sustainability and environmental commitmen. Our sellers and researchers are daily engaged in a careful, almost obsessive selection and research of fine, high-quality fabrics, silks, prints, all made in Italy and in line with the latest trends. Our materials come from the [&hellip;]<\/p>\n","protected":false},"author":1,"featured_media":0,"parent":0,"menu_order":0,"comment_status":"closed","ping_status":"closed","template":"","meta":{"_eb_attr":"","jetpack_post_was_ever_published":false,"footnotes":""},"class_list":["post-1551","page","type-page","status-publish","hentry"],"yoast_head":"<!-- This site is optimized with the Yoast SEO plugin v27.4 - https:\/\/yoast.com\/product\/yoast-seo-wordpress\/ -->\n<title>Mission - Silk and More<\/title>\n<meta name=\"robots\" content=\"noindex, follow, max-snippet:-1, max-image-preview:large, max-video-preview:-1\" \/>\n<meta property=\"og:locale\" content=\"en_US\" \/>\n<meta property=\"og:type\" content=\"article\" \/>\n<meta property=\"og:title\" content=\"Mission - Silk and More\" \/>\n<meta property=\"og:description\" content=\"The heart of our business mode have always been to combine high fashion with sustainability and environmental commitmen. Our sellers and researchers are daily engaged in a careful, almost obsessive selection and research of fine, high-quality fabrics, silks, prints, all made in Italy and in line with the latest trends. Our materials come from the [&hellip;]\" \/>\n<meta property=\"og:url\" content=\"https:\/\/staging.silkandmore.eu\/en\/our-philosophy\/\" \/>\n<meta property=\"og:site_name\" content=\"Silk and More\" \/>\n<meta property=\"article:publisher\" content=\"https:\/\/www.facebook.com\/profile.php?id=61557150906741\" \/>\n<meta property=\"article:modified_time\" content=\"2026-03-24T18:03:50+00:00\" \/>\n<meta name=\"twitter:card\" content=\"summary_large_image\" \/>\n<meta name=\"twitter:label1\" content=\"Est. reading time\" \/>\n\t<meta name=\"twitter:data1\" content=\"1 minute\" \/>\n<script type=\"application\/ld+json\" class=\"yoast-schema-graph\">{\"@context\":\"https:\\\/\\\/schema.org\",\"@graph\":[{\"@type\":\"WebPage\",\"@id\":\"https:\\\/\\\/staging.silkandmore.eu\\\/en\\\/our-philosophy\\\/\",\"url\":\"https:\\\/\\\/staging.silkandmore.eu\\\/en\\\/our-philosophy\\\/\",\"name\":\"Mission - Silk and More\",\"isPartOf\":{\"@id\":\"https:\\\/\\\/staging.silkandmore.eu\\\/en\\\/#website\"},\"datePublished\":\"2026-02-12T17:28:57+00:00\",\"dateModified\":\"2026-03-24T18:03:50+00:00\",\"breadcrumb\":{\"@id\":\"https:\\\/\\\/staging.silkandmore.eu\\\/en\\\/our-philosophy\\\/#breadcrumb\"},\"inLanguage\":\"en-US\",\"potentialAction\":[{\"@type\":\"ReadAction\",\"target\":[\"https:\\\/\\\/staging.silkandmore.eu\\\/en\\\/our-philosophy\\\/\"]}]},{\"@type\":\"BreadcrumbList\",\"@id\":\"https:\\\/\\\/staging.silkandmore.eu\\\/en\\\/our-philosophy\\\/#breadcrumb\",\"itemListElement\":[{\"@type\":\"ListItem\",\"position\":1,\"name\":\"Home\",\"item\":\"https:\\\/\\\/staging.silkandmore.eu\\\/en\\\/\"},{\"@type\":\"ListItem\",\"position\":2,\"name\":\"Mission\"}]},{\"@type\":\"WebSite\",\"@id\":\"https:\\\/\\\/staging.silkandmore.eu\\\/en\\\/#website\",\"url\":\"https:\\\/\\\/staging.silkandmore.eu\\\/en\\\/\",\"name\":\"Silk and More\",\"description\":\"Italian Luxury Fabrics\",\"publisher\":{\"@id\":\"https:\\\/\\\/staging.silkandmore.eu\\\/en\\\/#organization\"},\"potentialAction\":[{\"@type\":\"SearchAction\",\"target\":{\"@type\":\"EntryPoint\",\"urlTemplate\":\"https:\\\/\\\/staging.silkandmore.eu\\\/en\\\/?s={search_term_string}\"},\"query-input\":{\"@type\":\"PropertyValueSpecification\",\"valueRequired\":true,\"valueName\":\"search_term_string\"}}],\"inLanguage\":\"en-US\"},{\"@type\":\"Organization\",\"@id\":\"https:\\\/\\\/staging.silkandmore.eu\\\/en\\\/#organization\",\"name\":\"Silk and More\",\"url\":\"https:\\\/\\\/staging.silkandmore.eu\\\/en\\\/\",\"logo\":{\"@type\":\"ImageObject\",\"inLanguage\":\"en-US\",\"@id\":\"https:\\\/\\\/staging.silkandmore.eu\\\/en\\\/#\\\/schema\\\/logo\\\/image\\\/\",\"url\":\"https:\\\/\\\/staging.silkandmore.eu\\\/wp-content\\\/uploads\\\/2026\\\/03\\\/logo_silkandmore.png\",\"contentUrl\":\"https:\\\/\\\/staging.silkandmore.eu\\\/wp-content\\\/uploads\\\/2026\\\/03\\\/logo_silkandmore.png\",\"width\":1355,\"height\":526,\"caption\":\"Silk and More\"},\"image\":{\"@id\":\"https:\\\/\\\/staging.silkandmore.eu\\\/en\\\/#\\\/schema\\\/logo\\\/image\\\/\"},\"sameAs\":[\"https:\\\/\\\/www.facebook.com\\\/profile.php?id=61557150906741\",\"https:\\\/\\\/www.instagram.com\\\/silkandmore_como?igsh=ZDE1MWVjZGVmZQ==\",\"https:\\\/\\\/youtube.com\\\/@silkandmore-mf9un?si=dHZDiu323UzQBa4Y\"]}]}<\/script>\n<!-- \/ Yoast SEO plugin. -->","yoast_head_json":{"title":"Mission - Silk and More","robots":{"index":"noindex","follow":"follow","max-snippet":"max-snippet:-1","max-image-preview":"max-image-preview:large","max-video-preview":"max-video-preview:-1"},"og_locale":"en_US","og_type":"article","og_title":"Mission - Silk and More","og_description":"The heart of our business mode have always been to combine high fashion with sustainability and environmental commitmen. Our sellers and researchers are daily engaged in a careful, almost obsessive selection and research of fine, high-quality fabrics, silks, prints, all made in Italy and in line with the latest trends. Our materials come from the [&hellip;]","og_url":"https:\/\/staging.silkandmore.eu\/en\/our-philosophy\/","og_site_name":"Silk and More","article_publisher":"https:\/\/www.facebook.com\/profile.php?id=61557150906741","article_modified_time":"2026-03-24T18:03:50+00:00","twitter_card":"summary_large_image","twitter_misc":{"Est. reading time":"1 minute"},"schema":{"@context":"https:\/\/schema.org","@graph":[{"@type":"WebPage","@id":"https:\/\/staging.silkandmore.eu\/en\/our-philosophy\/","url":"https:\/\/staging.silkandmore.eu\/en\/our-philosophy\/","name":"Mission - Silk and More","isPartOf":{"@id":"https:\/\/staging.silkandmore.eu\/en\/#website"},"datePublished":"2026-02-12T17:28:57+00:00","dateModified":"2026-03-24T18:03:50+00:00","breadcrumb":{"@id":"https:\/\/staging.silkandmore.eu\/en\/our-philosophy\/#breadcrumb"},"inLanguage":"en-US","potentialAction":[{"@type":"ReadAction","target":["https:\/\/staging.silkandmore.eu\/en\/our-philosophy\/"]}]},{"@type":"BreadcrumbList","@id":"https:\/\/staging.silkandmore.eu\/en\/our-philosophy\/#breadcrumb","itemListElement":[{"@type":"ListItem","position":1,"name":"Home","item":"https:\/\/staging.silkandmore.eu\/en\/"},{"@type":"ListItem","position":2,"name":"Mission"}]},{"@type":"WebSite","@id":"https:\/\/staging.silkandmore.eu\/en\/#website","url":"https:\/\/staging.silkandmore.eu\/en\/","name":"Silk and More","description":"Italian Luxury Fabrics","publisher":{"@id":"https:\/\/staging.silkandmore.eu\/en\/#organization"},"potentialAction":[{"@type":"SearchAction","target":{"@type":"EntryPoint","urlTemplate":"https:\/\/staging.silkandmore.eu\/en\/?s={search_term_string}"},"query-input":{"@type":"PropertyValueSpecification","valueRequired":true,"valueName":"search_term_string"}}],"inLanguage":"en-US"},{"@type":"Organization","@id":"https:\/\/staging.silkandmore.eu\/en\/#organization","name":"Silk and More","url":"https:\/\/staging.silkandmore.eu\/en\/","logo":{"@type":"ImageObject","inLanguage":"en-US","@id":"https:\/\/staging.silkandmore.eu\/en\/#\/schema\/logo\/image\/","url":"https:\/\/staging.silkandmore.eu\/wp-content\/uploads\/2026\/03\/logo_silkandmore.png","contentUrl":"https:\/\/staging.silkandmore.eu\/wp-content\/uploads\/2026\/03\/logo_silkandmore.png","width":1355,"height":526,"caption":"Silk and More"},"image":{"@id":"https:\/\/staging.silkandmore.eu\/en\/#\/schema\/logo\/image\/"},"sameAs":["https:\/\/www.facebook.com\/profile.php?id=61557150906741","https:\/\/www.instagram.com\/silkandmore_como?igsh=ZDE1MWVjZGVmZQ==","https:\/\/youtube.com\/@silkandmore-mf9un?si=dHZDiu323UzQBa4Y"]}]}},"jetpack_sharing_enabled":true,"jetpack-related-posts":[{"id":1529,"url":"https:\/\/staging.silkandmore.eu\/en\/about-us\/","url_meta":{"origin":1551,"position":0},"title":"About Us","author":"samretweb","date":"February 12, 2026","format":false,"excerpt":"We are a team of people who have been working in the textile industry since 1999, with long professional experience and consolidated relationships with suppliers and representatives of Made in Italy in Como . Our offices and warehouse are in Milan and Casnate, province of Como, where you can come\u2026","rel":"","context":"Similar post","block_context":{"text":"Similar post","link":""},"img":{"alt_text":"","src":"","width":0,"height":0},"classes":[]},{"id":1985,"url":"https:\/\/staging.silkandmore.eu\/en\/","url_meta":{"origin":1551,"position":1},"title":"Home Page EN","author":"samretweb","date":"March 20, 2026","format":false,"excerpt":"Discover an exclusive selection of high-quality fabrics, chosen from the finest Italian and international manufacturers. From fine silks to cottons, wools, and sophisticated prints, each offering combines style, research, and textile tradition. Ideal for unique tailored creations, our fabrics are designed to inspire and enhance every project.","rel":"","context":"Similar post","block_context":{"text":"Similar post","link":""},"img":{"alt_text":"","src":"https:\/\/i0.wp.com\/staging.silkandmore.eu\/wp-content\/uploads\/2026\/02\/xTNvMW2BuLVAVZYWP53v-1024x677.jpeg?resize=350%2C200&ssl=1","width":350,"height":200,"srcset":"https:\/\/i0.wp.com\/staging.silkandmore.eu\/wp-content\/uploads\/2026\/02\/xTNvMW2BuLVAVZYWP53v-1024x677.jpeg?resize=350%2C200&ssl=1 1x, https:\/\/i0.wp.com\/staging.silkandmore.eu\/wp-content\/uploads\/2026\/02\/xTNvMW2BuLVAVZYWP53v-1024x677.jpeg?resize=525%2C300&ssl=1 1.5x, https:\/\/i0.wp.com\/staging.silkandmore.eu\/wp-content\/uploads\/2026\/02\/xTNvMW2BuLVAVZYWP53v-1024x677.jpeg?resize=700%2C400&ssl=1 2x"},"classes":[]},{"id":1986,"url":"https:\/\/staging.silkandmore.eu\/fr\/home-page\/","url_meta":{"origin":1551,"position":2},"title":"Home Page FR","author":"samretweb","date":"March 20, 2026","format":false,"excerpt":"D\u00e9couvrez une s\u00e9lection exclusive de tissus haut de gamme, choisis parmi les meilleurs fabricants italiens et internationaux. Des soies fines aux cotons, laines et imprim\u00e9s raffin\u00e9s, chaque pi\u00e8ce de notre collection allie style, recherche et tradition textile. Id\u00e9aux pour des cr\u00e9ations sur mesure uniques, nos tissus sont con\u00e7us pour inspirer\u2026","rel":"","context":"Similar post","block_context":{"text":"Similar post","link":""},"img":{"alt_text":"","src":"https:\/\/i0.wp.com\/staging.silkandmore.eu\/wp-content\/uploads\/2026\/02\/xTNvMW2BuLVAVZYWP53v-1024x677.jpeg?resize=350%2C200&ssl=1","width":350,"height":200,"srcset":"https:\/\/i0.wp.com\/staging.silkandmore.eu\/wp-content\/uploads\/2026\/02\/xTNvMW2BuLVAVZYWP53v-1024x677.jpeg?resize=350%2C200&ssl=1 1x, https:\/\/i0.wp.com\/staging.silkandmore.eu\/wp-content\/uploads\/2026\/02\/xTNvMW2BuLVAVZYWP53v-1024x677.jpeg?resize=525%2C300&ssl=1 1.5x, https:\/\/i0.wp.com\/staging.silkandmore.eu\/wp-content\/uploads\/2026\/02\/xTNvMW2BuLVAVZYWP53v-1024x677.jpeg?resize=700%2C400&ssl=1 2x"},"classes":[]},{"id":89,"url":"https:\/\/staging.silkandmore.eu\/mission\/","url_meta":{"origin":1551,"position":3},"title":"Mission","author":"samretweb","date":"February 12, 2026","format":false,"excerpt":"Crediamo in una moda etica e consapevole, dove bellezza e sostenibilit\u00e0 convivono. I nostri tessuti provengono tutti dalle sovrapproduzioni delle grandi industrie tessili comasche che lavorano per i pi\u00f9 rinomati brand e per le grandi firme della moda italiana ed internazionale. I nostri fornitori sono esclusivamente partner italiani certificati con\u2026","rel":"","context":"Similar post","block_context":{"text":"Similar post","link":""},"img":{"alt_text":"","src":"","width":0,"height":0},"classes":[]},{"id":1569,"url":"https:\/\/staging.silkandmore.eu\/en\/terms-and-conditions\/","url_meta":{"origin":1551,"position":4},"title":"Terms and Conditions","author":"samretweb","date":"February 12, 2026","format":false,"excerpt":"Questo documento, l\u2019informativa sulla Privacy e sui Cookies regolano l'offerta e la vendita dei prodotti (\"Prodotti\") sul seguente sito web: silkandmore.it (il \"Sito\").La informiamo che l\u2019utilizzo di questo sito web o la trasmissione di un ordine attraverso lo stesso, implica l\u2019accettazione di tali Condizioni e delle Politiche di Protezione dei\u2026","rel":"","context":"Similar post","block_context":{"text":"Similar post","link":""},"img":{"alt_text":"","src":"","width":0,"height":0},"classes":[]},{"id":1570,"url":"https:\/\/staging.silkandmore.eu\/fr\/termini-e-condizioni\/","url_meta":{"origin":1551,"position":5},"title":"Termini e Condizioni","author":"samretweb","date":"February 12, 2026","format":false,"excerpt":"Questo documento, l\u2019informativa sulla Privacy e sui Cookies regolano l'offerta e la vendita dei prodotti (\"Prodotti\") sul seguente sito web: silkandmore.it (il \"Sito\").La informiamo che l\u2019utilizzo di questo sito web o la trasmissione di un ordine attraverso lo stesso, implica l\u2019accettazione di tali Condizioni e delle Politiche di Protezione dei\u2026","rel":"","context":"Similar post","block_context":{"text":"Similar post","link":""},"img":{"alt_text":"","src":"","width":0,"height":0},"classes":[]}],"_links":{"self":[{"href":"https:\/\/staging.silkandmore.eu\/en\/wp-json\/wp\/v2\/pages\/1551","targetHints":{"allow":["GET"]}}],"collection":[{"href":"https:\/\/staging.silkandmore.eu\/en\/wp-json\/wp\/v2\/pages"}],"about":[{"href":"https:\/\/staging.silkandmore.eu\/en\/wp-json\/wp\/v2\/types\/page"}],"author":[{"embeddable":true,"href":"https:\/\/staging.silkandmore.eu\/en\/wp-json\/wp\/v2\/users\/1"}],"replies":[{"embeddable":true,"href":"https:\/\/staging.silkandmore.eu\/en\/wp-json\/wp\/v2\/comments?post=1551"}],"version-history":[{"count":2,"href":"https:\/\/staging.silkandmore.eu\/en\/wp-json\/wp\/v2\/pages\/1551\/revisions"}],"predecessor-version":[{"id":2273,"href":"https:\/\/staging.silkandmore.eu\/en\/wp-json\/wp\/v2\/pages\/1551\/revisions\/2273"}],"wp:attachment":[{"href":"https:\/\/staging.silkandmore.eu\/en\/wp-json\/wp\/v2\/media?parent=1551"}],"curies":[{"name":"wp","href":"https:\/\/api.w.org\/{rel}","templated":true}]}}