{"id":1529,"date":"2026-02-12T17:28:13","date_gmt":"2026-02-12T17:28:13","guid":{"rendered":"https:\/\/staging.silkandmore.eu\/about-us\/"},"modified":"2026-03-21T17:36:57","modified_gmt":"2026-03-21T17:36:57","slug":"about-us","status":"publish","type":"page","link":"https:\/\/staging.silkandmore.eu\/en\/about-us\/","title":{"rendered":"About Us"},"content":{"rendered":"\n<p>We are a team of people who have been working in the textile industry since 1999, with long professional experience and consolidated relationships with suppliers and representatives of Made in Italy in Como .<\/p>\n\n<p>Our offices and warehouse are in Milan and Casnate, province of Como, where you can come to see and touch directly our fabrics, prints and the renowned Como silks.<\/p>\n\n<p>We sell both wholesale and retail, to private end consumers (stylists, designers, tailors and other professionals) and to companies, large textile industries, retailers and garment manufacturers. We also collaborate with the major Italian fashion schools.<\/p>\n\n<p>The passion and love for Italian fashion and for the environment have pushed 4 partners of the company to pursue an ambitious project: to bring Made in Italy and quality Italian style all over the world, while preserving the environment.<br\/>For this reason, our firm has decided to develop an e-commerce for the sale of fabrics which has modernized and speeded up the textile distribution process, while making it more sustainable.<br\/>Our online &#8220;fair&#8221; allows everybody in the world to purchase our fabrics at really competitive prices from various highly selected suppliers.<br\/>We currently export to the main countries in EU and out of Europe.<\/p>\n\n<p>In order to guarantee a reliable and transparent service, each fabric is subjected to our meticulous quality control.<\/p>\n","protected":false},"excerpt":{"rendered":"<p>We are a team of people who have been working in the textile industry since 1999, with long professional experience and consolidated relationships with suppliers and representatives of Made in Italy in Como . Our offices and warehouse are in Milan and Casnate, province of Como, where you can come to see and touch directly [&hellip;]<\/p>\n","protected":false},"author":1,"featured_media":0,"parent":0,"menu_order":0,"comment_status":"closed","ping_status":"closed","template":"","meta":{"_eb_attr":"","jetpack_post_was_ever_published":false,"footnotes":""},"class_list":["post-1529","page","type-page","status-publish","hentry"],"yoast_head":"<!-- This site is optimized with the Yoast SEO plugin v27.4 - https:\/\/yoast.com\/product\/yoast-seo-wordpress\/ -->\n<title>About Us - Silk and More<\/title>\n<meta name=\"robots\" content=\"noindex, follow, max-snippet:-1, max-image-preview:large, max-video-preview:-1\" \/>\n<meta property=\"og:locale\" content=\"en_US\" \/>\n<meta property=\"og:type\" content=\"article\" \/>\n<meta property=\"og:title\" content=\"About Us - Silk and More\" \/>\n<meta property=\"og:description\" content=\"We are a team of people who have been working in the textile industry since 1999, with long professional experience and consolidated relationships with suppliers and representatives of Made in Italy in Como . Our offices and warehouse are in Milan and Casnate, province of Como, where you can come to see and touch directly [&hellip;]\" \/>\n<meta property=\"og:url\" content=\"https:\/\/staging.silkandmore.eu\/en\/about-us\/\" \/>\n<meta property=\"og:site_name\" content=\"Silk and More\" \/>\n<meta property=\"article:publisher\" content=\"https:\/\/www.facebook.com\/profile.php?id=61557150906741\" \/>\n<meta property=\"article:modified_time\" content=\"2026-03-21T17:36:57+00:00\" \/>\n<meta name=\"twitter:card\" content=\"summary_large_image\" \/>\n<meta name=\"twitter:label1\" content=\"Est. reading time\" \/>\n\t<meta name=\"twitter:data1\" content=\"1 minute\" \/>\n<script type=\"application\/ld+json\" class=\"yoast-schema-graph\">{\"@context\":\"https:\\\/\\\/schema.org\",\"@graph\":[{\"@type\":\"WebPage\",\"@id\":\"https:\\\/\\\/staging.silkandmore.eu\\\/en\\\/about-us\\\/\",\"url\":\"https:\\\/\\\/staging.silkandmore.eu\\\/en\\\/about-us\\\/\",\"name\":\"About Us - Silk and More\",\"isPartOf\":{\"@id\":\"https:\\\/\\\/staging.silkandmore.eu\\\/en\\\/#website\"},\"datePublished\":\"2026-02-12T17:28:13+00:00\",\"dateModified\":\"2026-03-21T17:36:57+00:00\",\"breadcrumb\":{\"@id\":\"https:\\\/\\\/staging.silkandmore.eu\\\/en\\\/about-us\\\/#breadcrumb\"},\"inLanguage\":\"en-US\",\"potentialAction\":[{\"@type\":\"ReadAction\",\"target\":[\"https:\\\/\\\/staging.silkandmore.eu\\\/en\\\/about-us\\\/\"]}]},{\"@type\":\"BreadcrumbList\",\"@id\":\"https:\\\/\\\/staging.silkandmore.eu\\\/en\\\/about-us\\\/#breadcrumb\",\"itemListElement\":[{\"@type\":\"ListItem\",\"position\":1,\"name\":\"Home\",\"item\":\"https:\\\/\\\/staging.silkandmore.eu\\\/en\\\/\"},{\"@type\":\"ListItem\",\"position\":2,\"name\":\"About Us\"}]},{\"@type\":\"WebSite\",\"@id\":\"https:\\\/\\\/staging.silkandmore.eu\\\/en\\\/#website\",\"url\":\"https:\\\/\\\/staging.silkandmore.eu\\\/en\\\/\",\"name\":\"Silk and More\",\"description\":\"Italian Luxury Fabrics\",\"publisher\":{\"@id\":\"https:\\\/\\\/staging.silkandmore.eu\\\/en\\\/#organization\"},\"potentialAction\":[{\"@type\":\"SearchAction\",\"target\":{\"@type\":\"EntryPoint\",\"urlTemplate\":\"https:\\\/\\\/staging.silkandmore.eu\\\/en\\\/?s={search_term_string}\"},\"query-input\":{\"@type\":\"PropertyValueSpecification\",\"valueRequired\":true,\"valueName\":\"search_term_string\"}}],\"inLanguage\":\"en-US\"},{\"@type\":\"Organization\",\"@id\":\"https:\\\/\\\/staging.silkandmore.eu\\\/en\\\/#organization\",\"name\":\"Silk and More\",\"url\":\"https:\\\/\\\/staging.silkandmore.eu\\\/en\\\/\",\"logo\":{\"@type\":\"ImageObject\",\"inLanguage\":\"en-US\",\"@id\":\"https:\\\/\\\/staging.silkandmore.eu\\\/en\\\/#\\\/schema\\\/logo\\\/image\\\/\",\"url\":\"https:\\\/\\\/staging.silkandmore.eu\\\/wp-content\\\/uploads\\\/2026\\\/03\\\/logo_silkandmore.png\",\"contentUrl\":\"https:\\\/\\\/staging.silkandmore.eu\\\/wp-content\\\/uploads\\\/2026\\\/03\\\/logo_silkandmore.png\",\"width\":1355,\"height\":526,\"caption\":\"Silk and More\"},\"image\":{\"@id\":\"https:\\\/\\\/staging.silkandmore.eu\\\/en\\\/#\\\/schema\\\/logo\\\/image\\\/\"},\"sameAs\":[\"https:\\\/\\\/www.facebook.com\\\/profile.php?id=61557150906741\",\"https:\\\/\\\/www.instagram.com\\\/silkandmore_como?igsh=ZDE1MWVjZGVmZQ==\",\"https:\\\/\\\/youtube.com\\\/@silkandmore-mf9un?si=dHZDiu323UzQBa4Y\"]}]}<\/script>\n<!-- \/ Yoast SEO plugin. -->","yoast_head_json":{"title":"About Us - Silk and More","robots":{"index":"noindex","follow":"follow","max-snippet":"max-snippet:-1","max-image-preview":"max-image-preview:large","max-video-preview":"max-video-preview:-1"},"og_locale":"en_US","og_type":"article","og_title":"About Us - Silk and More","og_description":"We are a team of people who have been working in the textile industry since 1999, with long professional experience and consolidated relationships with suppliers and representatives of Made in Italy in Como . Our offices and warehouse are in Milan and Casnate, province of Como, where you can come to see and touch directly [&hellip;]","og_url":"https:\/\/staging.silkandmore.eu\/en\/about-us\/","og_site_name":"Silk and More","article_publisher":"https:\/\/www.facebook.com\/profile.php?id=61557150906741","article_modified_time":"2026-03-21T17:36:57+00:00","twitter_card":"summary_large_image","twitter_misc":{"Est. reading time":"1 minute"},"schema":{"@context":"https:\/\/schema.org","@graph":[{"@type":"WebPage","@id":"https:\/\/staging.silkandmore.eu\/en\/about-us\/","url":"https:\/\/staging.silkandmore.eu\/en\/about-us\/","name":"About Us - Silk and More","isPartOf":{"@id":"https:\/\/staging.silkandmore.eu\/en\/#website"},"datePublished":"2026-02-12T17:28:13+00:00","dateModified":"2026-03-21T17:36:57+00:00","breadcrumb":{"@id":"https:\/\/staging.silkandmore.eu\/en\/about-us\/#breadcrumb"},"inLanguage":"en-US","potentialAction":[{"@type":"ReadAction","target":["https:\/\/staging.silkandmore.eu\/en\/about-us\/"]}]},{"@type":"BreadcrumbList","@id":"https:\/\/staging.silkandmore.eu\/en\/about-us\/#breadcrumb","itemListElement":[{"@type":"ListItem","position":1,"name":"Home","item":"https:\/\/staging.silkandmore.eu\/en\/"},{"@type":"ListItem","position":2,"name":"About Us"}]},{"@type":"WebSite","@id":"https:\/\/staging.silkandmore.eu\/en\/#website","url":"https:\/\/staging.silkandmore.eu\/en\/","name":"Silk and More","description":"Italian Luxury Fabrics","publisher":{"@id":"https:\/\/staging.silkandmore.eu\/en\/#organization"},"potentialAction":[{"@type":"SearchAction","target":{"@type":"EntryPoint","urlTemplate":"https:\/\/staging.silkandmore.eu\/en\/?s={search_term_string}"},"query-input":{"@type":"PropertyValueSpecification","valueRequired":true,"valueName":"search_term_string"}}],"inLanguage":"en-US"},{"@type":"Organization","@id":"https:\/\/staging.silkandmore.eu\/en\/#organization","name":"Silk and More","url":"https:\/\/staging.silkandmore.eu\/en\/","logo":{"@type":"ImageObject","inLanguage":"en-US","@id":"https:\/\/staging.silkandmore.eu\/en\/#\/schema\/logo\/image\/","url":"https:\/\/staging.silkandmore.eu\/wp-content\/uploads\/2026\/03\/logo_silkandmore.png","contentUrl":"https:\/\/staging.silkandmore.eu\/wp-content\/uploads\/2026\/03\/logo_silkandmore.png","width":1355,"height":526,"caption":"Silk and More"},"image":{"@id":"https:\/\/staging.silkandmore.eu\/en\/#\/schema\/logo\/image\/"},"sameAs":["https:\/\/www.facebook.com\/profile.php?id=61557150906741","https:\/\/www.instagram.com\/silkandmore_como?igsh=ZDE1MWVjZGVmZQ==","https:\/\/youtube.com\/@silkandmore-mf9un?si=dHZDiu323UzQBa4Y"]}]}},"jetpack_sharing_enabled":true,"jetpack-related-posts":[{"id":1551,"url":"https:\/\/staging.silkandmore.eu\/en\/our-philosophy\/","url_meta":{"origin":1529,"position":0},"title":"Mission","author":"samretweb","date":"February 12, 2026","format":false,"excerpt":"The heart of our business mode have always been to combine high fashion with sustainability and environmental commitmen. Our sellers and researchers are daily engaged in a careful, almost obsessive selection and research of fine, high-quality fabrics, silks, prints, all made in Italy and in line with the latest trends.\u2026","rel":"","context":"Similar post","block_context":{"text":"Similar post","link":""},"img":{"alt_text":"","src":"","width":0,"height":0},"classes":[]},{"id":1985,"url":"https:\/\/staging.silkandmore.eu\/en\/","url_meta":{"origin":1529,"position":1},"title":"Home Page EN","author":"samretweb","date":"March 20, 2026","format":false,"excerpt":"Discover an exclusive selection of high-quality fabrics, chosen from the finest Italian and international manufacturers. From fine silks to cottons, wools, and sophisticated prints, each offering combines style, research, and textile tradition. Ideal for unique tailored creations, our fabrics are designed to inspire and enhance every project.","rel":"","context":"Similar post","block_context":{"text":"Similar post","link":""},"img":{"alt_text":"","src":"https:\/\/i0.wp.com\/staging.silkandmore.eu\/wp-content\/uploads\/2026\/02\/xTNvMW2BuLVAVZYWP53v-1024x677.jpeg?resize=350%2C200&ssl=1","width":350,"height":200,"srcset":"https:\/\/i0.wp.com\/staging.silkandmore.eu\/wp-content\/uploads\/2026\/02\/xTNvMW2BuLVAVZYWP53v-1024x677.jpeg?resize=350%2C200&ssl=1 1x, https:\/\/i0.wp.com\/staging.silkandmore.eu\/wp-content\/uploads\/2026\/02\/xTNvMW2BuLVAVZYWP53v-1024x677.jpeg?resize=525%2C300&ssl=1 1.5x, https:\/\/i0.wp.com\/staging.silkandmore.eu\/wp-content\/uploads\/2026\/02\/xTNvMW2BuLVAVZYWP53v-1024x677.jpeg?resize=700%2C400&ssl=1 2x"},"classes":[]},{"id":1546,"url":"https:\/\/staging.silkandmore.eu\/fr\/a-propos-de-nous\/","url_meta":{"origin":1529,"position":2},"title":"\u00c0 propos de nous","author":"samretweb","date":"February 12, 2026","format":false,"excerpt":"Nous sommes une \u00e9quipe de plusieurs personnes qui travaillent dans le secteur textile depuis 1999, avec une longue exp\u00e9rience professionnelle et des relations solides avec les fournisseurs et les repr\u00e9sentants de l'excellence du made in Italy de Como. Nos bureaux se trouvent \u00e0 Milan et \u00e0 Casnate, dans la province\u2026","rel":"","context":"Similar post","block_context":{"text":"Similar post","link":""},"img":{"alt_text":"","src":"","width":0,"height":0},"classes":[]},{"id":1986,"url":"https:\/\/staging.silkandmore.eu\/fr\/home-page\/","url_meta":{"origin":1529,"position":3},"title":"Home Page FR","author":"samretweb","date":"March 20, 2026","format":false,"excerpt":"D\u00e9couvrez une s\u00e9lection exclusive de tissus haut de gamme, choisis parmi les meilleurs fabricants italiens et internationaux. Des soies fines aux cotons, laines et imprim\u00e9s raffin\u00e9s, chaque pi\u00e8ce de notre collection allie style, recherche et tradition textile. Id\u00e9aux pour des cr\u00e9ations sur mesure uniques, nos tissus sont con\u00e7us pour inspirer\u2026","rel":"","context":"Similar post","block_context":{"text":"Similar post","link":""},"img":{"alt_text":"","src":"https:\/\/i0.wp.com\/staging.silkandmore.eu\/wp-content\/uploads\/2026\/02\/xTNvMW2BuLVAVZYWP53v-1024x677.jpeg?resize=350%2C200&ssl=1","width":350,"height":200,"srcset":"https:\/\/i0.wp.com\/staging.silkandmore.eu\/wp-content\/uploads\/2026\/02\/xTNvMW2BuLVAVZYWP53v-1024x677.jpeg?resize=350%2C200&ssl=1 1x, https:\/\/i0.wp.com\/staging.silkandmore.eu\/wp-content\/uploads\/2026\/02\/xTNvMW2BuLVAVZYWP53v-1024x677.jpeg?resize=525%2C300&ssl=1 1.5x, https:\/\/i0.wp.com\/staging.silkandmore.eu\/wp-content\/uploads\/2026\/02\/xTNvMW2BuLVAVZYWP53v-1024x677.jpeg?resize=700%2C400&ssl=1 2x"},"classes":[]},{"id":3129,"url":"https:\/\/staging.silkandmore.eu\/contatti\/","url_meta":{"origin":1529,"position":4},"title":"Contatti","author":"samretweb","date":"April 2, 2026","format":false,"excerpt":"Hai domande sui nostri tessuti o desideri maggiori informazioni? Siamo a tua disposizione per supportarti nella scelta e rispondere a ogni richiesta. Compila il form e ti risponderemo il prima possibile. Dove siamo Silk and More di Alberto Veralli info@silkandmore.eu Via Monte Rosa 21Milano, MI - ITALY 20149 Scrivi qui\u2026","rel":"","context":"Similar post","block_context":{"text":"Similar post","link":""},"img":{"alt_text":"","src":"","width":0,"height":0},"classes":[]},{"id":85,"url":"https:\/\/staging.silkandmore.eu\/chi-siamo\/","url_meta":{"origin":1529,"position":5},"title":"Chi Siamo","author":"samretweb","date":"February 12, 2026","format":false,"excerpt":"Ridiamo vita ai tessuti Made in Italy. Dal 1999 operiamo nel cuore del distretto comasco, un luogo simbolo di raffinata tradizione tessile ed eccellenza internazionale. In oltre venticinque anni abbiamo costruito relazioni solide e privilegiate con i fornitori e i protagonisti pi\u00f9 autorevoli del Made in Italy. Selezioniamo con cura,\u2026","rel":"","context":"Similar post","block_context":{"text":"Similar post","link":""},"img":{"alt_text":"","src":"","width":0,"height":0},"classes":[]}],"_links":{"self":[{"href":"https:\/\/staging.silkandmore.eu\/en\/wp-json\/wp\/v2\/pages\/1529","targetHints":{"allow":["GET"]}}],"collection":[{"href":"https:\/\/staging.silkandmore.eu\/en\/wp-json\/wp\/v2\/pages"}],"about":[{"href":"https:\/\/staging.silkandmore.eu\/en\/wp-json\/wp\/v2\/types\/page"}],"author":[{"embeddable":true,"href":"https:\/\/staging.silkandmore.eu\/en\/wp-json\/wp\/v2\/users\/1"}],"replies":[{"embeddable":true,"href":"https:\/\/staging.silkandmore.eu\/en\/wp-json\/wp\/v2\/comments?post=1529"}],"version-history":[{"count":6,"href":"https:\/\/staging.silkandmore.eu\/en\/wp-json\/wp\/v2\/pages\/1529\/revisions"}],"predecessor-version":[{"id":2188,"href":"https:\/\/staging.silkandmore.eu\/en\/wp-json\/wp\/v2\/pages\/1529\/revisions\/2188"}],"wp:attachment":[{"href":"https:\/\/staging.silkandmore.eu\/en\/wp-json\/wp\/v2\/media?parent=1529"}],"curies":[{"name":"wp","href":"https:\/\/api.w.org\/{rel}","templated":true}]}}